{"id":3441,"date":"2024-11-18T08:40:26","date_gmt":"2024-11-18T07:40:26","guid":{"rendered":"https:\/\/localementbox.com\/?page_id=3441"},"modified":"2025-11-07T14:06:38","modified_gmt":"2025-11-07T13:06:38","slug":"bien-etre-decouverte-2-2","status":"publish","type":"page","link":"https:\/\/localementbox.com\/index.php\/bien-etre-decouverte-2-2\/","title":{"rendered":"Bien-\u00catre &#8211; Localement Box"},"content":{"rendered":"\t\t<div data-elementor-type=\"wp-page\" data-elementor-id=\"3441\" class=\"elementor elementor-3441\">\n\t\t\t\t<div class=\"elementor-element elementor-element-5f795211 e-transform e-flex e-con-boxed e-con e-parent\" data-id=\"5f795211\" data-element_type=\"container\" data-e-type=\"container\" data-settings=\"{&quot;background_background&quot;:&quot;classic&quot;,&quot;_transform_translateY_effect&quot;:{&quot;unit&quot;:&quot;px&quot;,&quot;size&quot;:0,&quot;sizes&quot;:[]},&quot;_transform_translateY_effect_mobile&quot;:{&quot;unit&quot;:&quot;px&quot;,&quot;size&quot;:0,&quot;sizes&quot;:[]},&quot;_transform_translateX_effect&quot;:{&quot;unit&quot;:&quot;px&quot;,&quot;size&quot;:&quot;&quot;,&quot;sizes&quot;:[]},&quot;_transform_translateX_effect_tablet&quot;:{&quot;unit&quot;:&quot;px&quot;,&quot;size&quot;:&quot;&quot;,&quot;sizes&quot;:[]},&quot;_transform_translateX_effect_mobile&quot;:{&quot;unit&quot;:&quot;px&quot;,&quot;size&quot;:&quot;&quot;,&quot;sizes&quot;:[]},&quot;_transform_translateY_effect_tablet&quot;:{&quot;unit&quot;:&quot;px&quot;,&quot;size&quot;:&quot;&quot;,&quot;sizes&quot;:[]}}\">\n\t\t\t\t\t<div class=\"e-con-inner\">\n\t\t\t\t<div class=\"elementor-element elementor-element-9133457 exad-sticky-section-no exad-glass-effect-no elementor-widget elementor-widget-heading\" data-id=\"9133457\" data-element_type=\"widget\" data-e-type=\"widget\" data-widget_type=\"heading.default\">\n\t\t\t\t<div class=\"elementor-widget-container\">\n\t\t\t\t\t<h2 class=\"elementor-heading-title elementor-size-default\">Nos Partenaires Bien-\u00catre<\/h2>\t\t\t\t<\/div>\n\t\t\t\t<\/div>\n\t\t\t\t\t<\/div>\n\t\t\t\t<\/div>\n\t\t\t\t<article class=\"elementor-section elementor-top-section elementor-element elementor-element-6323949e elementor-section-full_width elementor-section-height-default elementor-section-height-default exad-glass-effect-no exad-sticky-section-no\" data-id=\"6323949e\" data-element_type=\"section\" data-e-type=\"section\" id=\"xs_team_17\">\n\t\t\t\t\t\t<div class=\"elementor-container elementor-column-gap-default\">\n\t\t\t\t\t<div class=\"elementor-column elementor-col-100 elementor-top-column elementor-element elementor-element-2a8b20d7 exad-glass-effect-no exad-sticky-section-no\" data-id=\"2a8b20d7\" data-element_type=\"column\" data-e-type=\"column\">\n\t\t\t<div class=\"elementor-widget-wrap elementor-element-populated\">\n\t\t\t\t\t\t<section class=\"elementor-section elementor-inner-section elementor-element elementor-element-52e254e4 elementor-section-full_width elementor-section-height-default elementor-section-height-default exad-glass-effect-no exad-sticky-section-no\" data-id=\"52e254e4\" data-element_type=\"section\" data-e-type=\"section\">\n\t\t\t\t\t\t<div class=\"elementor-container elementor-column-gap-default\">\n\t\t\t\t\t<div class=\"elementor-column elementor-col-25 elementor-inner-column elementor-element elementor-element-6eb01fd6 exad-glass-effect-no exad-sticky-section-no\" data-id=\"6eb01fd6\" data-element_type=\"column\" data-e-type=\"column\">\n\t\t\t<div class=\"elementor-widget-wrap elementor-element-populated\">\n\t\t\t\t\t\t<div class=\"exad-link-anything-wrapper elementor-element elementor-element-d1f0342 ekit-equal-height-disable exad-sticky-section-no exad-glass-effect-no elementor-widget elementor-widget-elementskit-image-box\" data-exad-element-link=\"{&quot;url&quot;:&quot;https:\\\/\\\/les3clefsdegaya.com&quot;,&quot;is_external&quot;:&quot;on&quot;,&quot;nofollow&quot;:&quot;&quot;,&quot;custom_attributes&quot;:&quot;&quot;}\" style=\"cursor: pointer\" data-id=\"d1f0342\" data-element_type=\"widget\" data-e-type=\"widget\" data-widget_type=\"elementskit-image-box.default\">\n\t\t\t\t<div class=\"elementor-widget-container\">\n\t\t\t\t\t<div class=\"ekit-wid-con\" >\n            <div class=\"elementskit-info-image-box ekit-image-box text-center style-modern\" >\n\n                <a href=\"https:\/\/les3clefsdegaya.com\" target=\"_blank\">\n                <div class=\"elementskit-box-header image-box-img-center\">\n\n                    <img fetchpriority=\"high\" decoding=\"async\" width=\"1000\" height=\"1000\" src=\"https:\/\/localementbox.com\/wp-content\/uploads\/2024\/02\/logo-Les-3-Clefs-de-GaYa-10.png\" class=\"attachment-full size-full wp-image-2136\" alt=\"\" srcset=\"https:\/\/localementbox.com\/wp-content\/uploads\/2024\/02\/logo-Les-3-Clefs-de-GaYa-10.png 1000w, https:\/\/localementbox.com\/wp-content\/uploads\/2024\/02\/logo-Les-3-Clefs-de-GaYa-10-300x300.png 300w, https:\/\/localementbox.com\/wp-content\/uploads\/2024\/02\/logo-Les-3-Clefs-de-GaYa-10-100x100.png 100w, https:\/\/localementbox.com\/wp-content\/uploads\/2024\/02\/logo-Les-3-Clefs-de-GaYa-10-600x600.png 600w\" sizes=\"(max-width: 1000px) 100vw, 1000px\" \/>\n                <\/div>\n                <\/a>\n                <div class=\"elementskit-box-body ekit-image-box-body\">\n                    <div class=\"elementskit-box-content ekit-image-box-body-inner\">\n                                                <h3 class=\"elementskit-info-box-title\">\n\n                        Les 3 Clefs de GaYa <br> Bien-\u00catre &amp; Spa privatif\n                        \n                    <\/h3>\n                                                            <div class=\"elementskit-box-style-content\">\n                        Spa de nage, sauna, lit hydromassant et relaxation immersive en toute autonomie dans un g\u00eete privatis\u00e9.                    <\/div>\n                                    <\/div>\n\n                                <div class=\"elementskit-box-footer\">\n                    <div class=\"box-footer\">\n                        <div class=\"btn-wraper\">\n                                                            <a href=\"https:\/\/les3clefsdegaya.com\" target=\"_blank\" class=\"elementskit-btn whitespace--normal\">\n                                    https:\/\/les3clefsdegaya.com                                <\/a>\n                                                    <\/div>\n                    <\/div>\n                <\/div>\n                            <\/div>\n            <\/div>\n    <\/div>\t\t\t\t<\/div>\n\t\t\t\t<\/div>\n\t\t\t\t\t<\/div>\n\t\t<\/div>\n\t\t\t\t<div class=\"elementor-column elementor-col-25 elementor-inner-column elementor-element elementor-element-26021010 exad-glass-effect-no exad-sticky-section-no\" data-id=\"26021010\" data-element_type=\"column\" data-e-type=\"column\">\n\t\t\t<div class=\"elementor-widget-wrap elementor-element-populated\">\n\t\t\t\t\t\t<div class=\"exad-link-anything-wrapper elementor-element elementor-element-96146d4 ekit-equal-height-disable exad-sticky-section-no exad-glass-effect-no elementor-widget elementor-widget-elementskit-image-box\" data-exad-element-link=\"{&quot;url&quot;:&quot;https:\\\/\\\/www.douxsens.fr\\\/&quot;,&quot;is_external&quot;:&quot;on&quot;,&quot;nofollow&quot;:&quot;&quot;,&quot;custom_attributes&quot;:&quot;&quot;}\" style=\"cursor: pointer\" data-id=\"96146d4\" data-element_type=\"widget\" data-e-type=\"widget\" data-widget_type=\"elementskit-image-box.default\">\n\t\t\t\t<div class=\"elementor-widget-container\">\n\t\t\t\t\t<div class=\"ekit-wid-con\" >\n            <div class=\"elementskit-info-image-box ekit-image-box text-center style-modern\" >\n\n                <a href=\"https:\/\/www.douxsens.fr\/\" target=\"_blank\">\n                <div class=\"elementskit-box-header image-box-img-center\">\n\n                    <img decoding=\"async\" width=\"1125\" height=\"1125\" src=\"https:\/\/localementbox.com\/wp-content\/uploads\/2024\/03\/Black-and-White-Elegant-Typography-Initials-Personal-Brand-Logo-Design-2.png\" class=\"attachment-full size-full wp-image-2596\" alt=\"localement Box coffret cadeau 100% Local\" srcset=\"https:\/\/localementbox.com\/wp-content\/uploads\/2024\/03\/Black-and-White-Elegant-Typography-Initials-Personal-Brand-Logo-Design-2.png 1125w, https:\/\/localementbox.com\/wp-content\/uploads\/2024\/03\/Black-and-White-Elegant-Typography-Initials-Personal-Brand-Logo-Design-2-300x300.png 300w, https:\/\/localementbox.com\/wp-content\/uploads\/2024\/03\/Black-and-White-Elegant-Typography-Initials-Personal-Brand-Logo-Design-2-100x100.png 100w, https:\/\/localementbox.com\/wp-content\/uploads\/2024\/03\/Black-and-White-Elegant-Typography-Initials-Personal-Brand-Logo-Design-2-600x600.png 600w\" sizes=\"(max-width: 1125px) 100vw, 1125px\" \/>\n                <\/div>\n                <\/a>\n                <div class=\"elementskit-box-body ekit-image-box-body\">\n                    <div class=\"elementskit-box-content ekit-image-box-body-inner\">\n                                                <h3 class=\"elementskit-info-box-title\">\n\n                        Doux Sens <br> Institut de Beaut\u00e9\n                        \n                    <\/h3>\n                                                            <div class=\"elementskit-box-style-content\">\n                        Toutes une gamme de soins et de prestations \n<br>Plus d'information <br>au 05.55.56.57.58                    <\/div>\n                                    <\/div>\n\n                                <div class=\"elementskit-box-footer\">\n                    <div class=\"box-footer\">\n                        <div class=\"btn-wraper\">\n                                                            <a href=\"https:\/\/www.douxsens.fr\/\" target=\"_blank\" class=\"elementskit-btn whitespace--normal\">\n                                    https:\/\/www.douxsens.fr                                <\/a>\n                                                    <\/div>\n                    <\/div>\n                <\/div>\n                            <\/div>\n            <\/div>\n    <\/div>\t\t\t\t<\/div>\n\t\t\t\t<\/div>\n\t\t\t\t\t<\/div>\n\t\t<\/div>\n\t\t\t\t<div class=\"elementor-column elementor-col-25 elementor-inner-column elementor-element elementor-element-007fd59 exad-glass-effect-no exad-sticky-section-no\" data-id=\"007fd59\" data-element_type=\"column\" data-e-type=\"column\">\n\t\t\t<div class=\"elementor-widget-wrap elementor-element-populated\">\n\t\t\t\t\t\t<div class=\"exad-link-anything-wrapper elementor-element elementor-element-719d172 ekit-equal-height-disable exad-sticky-section-no exad-glass-effect-no elementor-widget elementor-widget-elementskit-image-box\" data-exad-element-link=\"{&quot;url&quot;:&quot;https:\\\/\\\/www.facebook.com\\\/p\\\/M%C3%A4%C3%A4S-Massages-61558068022821\\\/&quot;,&quot;is_external&quot;:&quot;&quot;,&quot;nofollow&quot;:&quot;&quot;,&quot;custom_attributes&quot;:&quot;&quot;}\" style=\"cursor: pointer\" data-id=\"719d172\" data-element_type=\"widget\" data-e-type=\"widget\" data-widget_type=\"elementskit-image-box.default\">\n\t\t\t\t<div class=\"elementor-widget-container\">\n\t\t\t\t\t<div class=\"ekit-wid-con\" >\n            <div class=\"elementskit-info-image-box ekit-image-box text-center style-modern\" >\n\n                <a href=\"https:\/\/www.facebook.com\/p\/M%C3%A4%C3%A4S-Massages-61558068022821\/\" target=\"_blank\">\n                <div class=\"elementskit-box-header image-box-img-center\">\n\n                    <img decoding=\"async\" width=\"2000\" height=\"2000\" src=\"https:\/\/localementbox.com\/wp-content\/uploads\/2025\/07\/White-Grey-Nature-Background-Winter-Photo-Collage-25-x-25-cm-8.jpg\" class=\"attachment-full size-full wp-image-3838\" alt=\"\" srcset=\"https:\/\/localementbox.com\/wp-content\/uploads\/2025\/07\/White-Grey-Nature-Background-Winter-Photo-Collage-25-x-25-cm-8.jpg 2000w, https:\/\/localementbox.com\/wp-content\/uploads\/2025\/07\/White-Grey-Nature-Background-Winter-Photo-Collage-25-x-25-cm-8-300x300.jpg 300w, https:\/\/localementbox.com\/wp-content\/uploads\/2025\/07\/White-Grey-Nature-Background-Winter-Photo-Collage-25-x-25-cm-8-1024x1024.jpg 1024w, https:\/\/localementbox.com\/wp-content\/uploads\/2025\/07\/White-Grey-Nature-Background-Winter-Photo-Collage-25-x-25-cm-8-150x150.jpg 150w, https:\/\/localementbox.com\/wp-content\/uploads\/2025\/07\/White-Grey-Nature-Background-Winter-Photo-Collage-25-x-25-cm-8-768x768.jpg 768w, https:\/\/localementbox.com\/wp-content\/uploads\/2025\/07\/White-Grey-Nature-Background-Winter-Photo-Collage-25-x-25-cm-8-1536x1536.jpg 1536w, https:\/\/localementbox.com\/wp-content\/uploads\/2025\/07\/White-Grey-Nature-Background-Winter-Photo-Collage-25-x-25-cm-8-1320x1320.jpg 1320w\" sizes=\"(max-width: 2000px) 100vw, 2000px\" \/>\n                <\/div>\n                <\/a>\n                <div class=\"elementskit-box-body ekit-image-box-body\">\n                    <div class=\"elementskit-box-content ekit-image-box-body-inner\">\n                                                <h3 class=\"elementskit-info-box-title\">\n\n                        M\u00e4\u00e4s Massages\n                        \n                    <\/h3>\n                                                            <div class=\"elementskit-box-style-content\">\n                        Massages sportif, su\u00e9dois, californien, drainage lymphatique m\u00e9thode br\u00e9silienne, r\u00e9flexologie plantaire, amma assis.<br>\nCyril au 07 75 82 40 15                     <\/div>\n                                    <\/div>\n\n                                <div class=\"elementskit-box-footer\">\n                    <div class=\"box-footer\">\n                        <div class=\"btn-wraper\">\n                                                            <a href=\"https:\/\/www.facebook.com\/p\/M%C3%A4%C3%A4S-Massages-61558068022821\/\" target=\"_blank\" class=\"elementskit-btn whitespace--normal\">\n                                    https:\/\/www.facebook.com\/m\u00e4\u00e4smassages                                <\/a>\n                                                    <\/div>\n                    <\/div>\n                <\/div>\n                            <\/div>\n            <\/div>\n    <\/div>\t\t\t\t<\/div>\n\t\t\t\t<\/div>\n\t\t\t\t\t<\/div>\n\t\t<\/div>\n\t\t\t\t<div class=\"elementor-column elementor-col-25 elementor-inner-column elementor-element elementor-element-45d7fb4 exad-glass-effect-no exad-sticky-section-no\" data-id=\"45d7fb4\" data-element_type=\"column\" data-e-type=\"column\">\n\t\t\t<div class=\"elementor-widget-wrap elementor-element-populated\">\n\t\t\t\t\t\t<div class=\"exad-link-anything-wrapper elementor-element elementor-element-14a03c0 ekit-equal-height-disable exad-sticky-section-no exad-glass-effect-no elementor-widget elementor-widget-elementskit-image-box\" data-exad-element-link=\"{&quot;url&quot;:&quot;https:\\\/\\\/vjreiki.fr\\\/&quot;,&quot;is_external&quot;:&quot;&quot;,&quot;nofollow&quot;:&quot;&quot;,&quot;custom_attributes&quot;:&quot;&quot;}\" style=\"cursor: pointer\" data-id=\"14a03c0\" data-element_type=\"widget\" data-e-type=\"widget\" data-widget_type=\"elementskit-image-box.default\">\n\t\t\t\t<div class=\"elementor-widget-container\">\n\t\t\t\t\t<div class=\"ekit-wid-con\" >\n            <div class=\"elementskit-info-image-box ekit-image-box text-center style-modern\" >\n\n                <a href=\"https:\/\/vjreiki.fr\" target=\"_blank\">\n                <div class=\"elementskit-box-header image-box-img-center\">\n\n                    <img loading=\"lazy\" decoding=\"async\" width=\"500\" height=\"500\" src=\"https:\/\/localementbox.com\/wp-content\/uploads\/2025\/11\/logo-SENS-4.png\" class=\"attachment-full size-full wp-image-3849\" alt=\"\" srcset=\"https:\/\/localementbox.com\/wp-content\/uploads\/2025\/11\/logo-SENS-4.png 500w, https:\/\/localementbox.com\/wp-content\/uploads\/2025\/11\/logo-SENS-4-300x300.png 300w, https:\/\/localementbox.com\/wp-content\/uploads\/2025\/11\/logo-SENS-4-150x150.png 150w\" sizes=\"(max-width: 500px) 100vw, 500px\" \/>\n                <\/div>\n                <\/a>\n                <div class=\"elementskit-box-body ekit-image-box-body\">\n                    <div class=\"elementskit-box-content ekit-image-box-body-inner\">\n                                                <h3 class=\"elementskit-info-box-title\">\n\n                        VJ Reiki - Soins \u00e9nerg\u00e9tiques\n                        \n                    <\/h3>\n                                                            <div class=\"elementskit-box-style-content\">\n                        Au service de votre Bien-\u00eatre :\nAccompagner vers un \u00e9quilibre \nSoulager la douleur <br>\nV\u00e9ronique au 06 35 48 73 15                    <\/div>\n                                    <\/div>\n\n                                <div class=\"elementskit-box-footer\">\n                    <div class=\"box-footer\">\n                        <div class=\"btn-wraper\">\n                                                            <a href=\"https:\/\/www.facebook.com\/p\/M%C3%A4%C3%A4S-Massages-61558068022821\/\" target=\"_blank\" class=\"elementskit-btn whitespace--normal\">\n                                    https:\/\/vjreiki.fr                                <\/a>\n                                                    <\/div>\n                    <\/div>\n                <\/div>\n                            <\/div>\n            <\/div>\n    <\/div>\t\t\t\t<\/div>\n\t\t\t\t<\/div>\n\t\t\t\t\t<\/div>\n\t\t<\/div>\n\t\t\t\t\t<\/div>\n\t\t<\/section>\n\t\t\t\t\t<\/div>\n\t\t<\/div>\n\t\t\t\t\t<\/div>\n\t\t<\/article>\n\t\t<div class=\"elementor-element elementor-element-f530509 e-flex e-con-boxed e-con e-parent\" data-id=\"f530509\" data-element_type=\"container\" data-e-type=\"container\">\n\t\t\t\t\t<div class=\"e-con-inner\">\n\t\t\t\t<div class=\"elementor-element elementor-element-ad35076 elementor-align-center exad-sticky-section-no exad-glass-effect-no elementor-invisible elementor-widget elementor-widget-button\" data-id=\"ad35076\" data-element_type=\"widget\" data-e-type=\"widget\" data-settings=\"{&quot;_animation&quot;:&quot;fadeInDown&quot;}\" data-widget_type=\"button.default\">\n\t\t\t\t<div class=\"elementor-widget-container\">\n\t\t\t\t\t\t\t\t\t<div class=\"elementor-button-wrapper\">\n\t\t\t\t\t<a class=\"elementor-button elementor-button-link elementor-size-xs elementor-animation-sink\" href=\"https:\/\/localementbox.com\/\">\n\t\t\t\t\t\t<span class=\"elementor-button-content-wrapper\">\n\t\t\t\t\t\t\t\t\t<span class=\"elementor-button-text\">Retour Accueil<\/span>\n\t\t\t\t\t<\/span>\n\t\t\t\t\t<\/a>\n\t\t\t\t<\/div>\n\t\t\t\t\t\t\t\t<\/div>\n\t\t\t\t<\/div>\n\t\t\t\t\t<\/div>\n\t\t\t\t<\/div>\n\t\t\t\t<\/div>\n\t\t<div style=\"margin: 20px 0;\"><div class=\"qrcswholewtapper\" style=\"text-align:left;\"><div class=\"qrcprowrapper\"  id=\"qrcwraa2leds\"><div class=\"qrc_canvass\" id=\"qrc_cuttenpages_2\" style=\"display:inline-block\" data-text=\"https:\/\/localementbox.com\/index.php\/bien-etre-decouverte-2-2\/\"><\/div><\/div><\/div><\/div>","protected":false},"excerpt":{"rendered":"<p>Nos Partenaires Bien-\u00catre Les 3 Clefs de GaYa Bien-\u00catre &amp; Spa privatif Spa de nage, sauna, lit hydromassant et relaxation immersive en toute autonomie dans un g\u00eete privatis\u00e9. https:\/\/les3clefsdegaya.com Doux Sens Institut de Beaut\u00e9 Toutes une gamme de soins et de prestations Plus d&rsquo;information au 05.55.56.57.58 https:\/\/www.douxsens.fr M\u00e4\u00e4s Massages Massages sportif, su\u00e9dois, californien, drainage lymphatique [&hellip;]<\/p>\n","protected":false},"author":1,"featured_media":0,"parent":0,"menu_order":0,"comment_status":"closed","ping_status":"closed","template":"elementor_header_footer","meta":{"om_disable_all_campaigns":false,"_monsterinsights_skip_tracking":false,"_monsterinsights_sitenote_active":false,"_monsterinsights_sitenote_note":"","_monsterinsights_sitenote_category":0,"footnotes":""},"class_list":["post-3441","page","type-page","status-publish","hentry"],"aioseo_notices":[],"jetpack_sharing_enabled":true,"_links":{"self":[{"href":"https:\/\/localementbox.com\/index.php\/wp-json\/wp\/v2\/pages\/3441","targetHints":{"allow":["GET"]}}],"collection":[{"href":"https:\/\/localementbox.com\/index.php\/wp-json\/wp\/v2\/pages"}],"about":[{"href":"https:\/\/localementbox.com\/index.php\/wp-json\/wp\/v2\/types\/page"}],"author":[{"embeddable":true,"href":"https:\/\/localementbox.com\/index.php\/wp-json\/wp\/v2\/users\/1"}],"replies":[{"embeddable":true,"href":"https:\/\/localementbox.com\/index.php\/wp-json\/wp\/v2\/comments?post=3441"}],"version-history":[{"count":34,"href":"https:\/\/localementbox.com\/index.php\/wp-json\/wp\/v2\/pages\/3441\/revisions"}],"predecessor-version":[{"id":3853,"href":"https:\/\/localementbox.com\/index.php\/wp-json\/wp\/v2\/pages\/3441\/revisions\/3853"}],"wp:attachment":[{"href":"https:\/\/localementbox.com\/index.php\/wp-json\/wp\/v2\/media?parent=3441"}],"curies":[{"name":"wp","href":"https:\/\/api.w.org\/{rel}","templated":true}]}}