{"id":3253,"date":"2024-11-16T13:40:45","date_gmt":"2024-11-16T12:40:45","guid":{"rendered":"https:\/\/localementbox.com\/?page_id=3253"},"modified":"2025-07-11T18:25:48","modified_gmt":"2025-07-11T16:25:48","slug":"bien-etre-decouverte","status":"publish","type":"page","link":"https:\/\/localementbox.com\/index.php\/bien-etre-decouverte\/","title":{"rendered":"S\u00e9jour &#8211; Localement Box"},"content":{"rendered":"\t\t<div data-elementor-type=\"wp-page\" data-elementor-id=\"3253\" class=\"elementor elementor-3253\">\n\t\t\t\t<div class=\"elementor-element elementor-element-5ae73d12 e-transform e-flex e-con-boxed e-con e-parent\" data-id=\"5ae73d12\" data-element_type=\"container\" data-e-type=\"container\" data-settings=\"{&quot;background_background&quot;:&quot;classic&quot;,&quot;_transform_translateY_effect&quot;:{&quot;unit&quot;:&quot;px&quot;,&quot;size&quot;:0,&quot;sizes&quot;:[]},&quot;_transform_translateY_effect_mobile&quot;:{&quot;unit&quot;:&quot;px&quot;,&quot;size&quot;:0,&quot;sizes&quot;:[]},&quot;_transform_translateX_effect&quot;:{&quot;unit&quot;:&quot;px&quot;,&quot;size&quot;:&quot;&quot;,&quot;sizes&quot;:[]},&quot;_transform_translateX_effect_tablet&quot;:{&quot;unit&quot;:&quot;px&quot;,&quot;size&quot;:&quot;&quot;,&quot;sizes&quot;:[]},&quot;_transform_translateX_effect_mobile&quot;:{&quot;unit&quot;:&quot;px&quot;,&quot;size&quot;:&quot;&quot;,&quot;sizes&quot;:[]},&quot;_transform_translateY_effect_tablet&quot;:{&quot;unit&quot;:&quot;px&quot;,&quot;size&quot;:&quot;&quot;,&quot;sizes&quot;:[]}}\">\n\t\t\t\t\t<div class=\"e-con-inner\">\n\t\t\t\t<div class=\"elementor-element elementor-element-70298b61 exad-sticky-section-no exad-glass-effect-no elementor-widget elementor-widget-heading\" data-id=\"70298b61\" data-element_type=\"widget\" data-e-type=\"widget\" data-widget_type=\"heading.default\">\n\t\t\t\t<div class=\"elementor-widget-container\">\n\t\t\t\t\t<h2 class=\"elementor-heading-title elementor-size-default\">Nos S\u00e9jours<\/h2>\t\t\t\t<\/div>\n\t\t\t\t<\/div>\n\t\t\t\t\t<\/div>\n\t\t\t\t<\/div>\n\t\t\t\t<article class=\"elementor-section elementor-top-section elementor-element elementor-element-a95cf22 elementor-section-full_width elementor-section-height-default elementor-section-height-default exad-glass-effect-no exad-sticky-section-no\" data-id=\"a95cf22\" data-element_type=\"section\" data-e-type=\"section\" id=\"xs_team_17\">\n\t\t\t\t\t\t<div class=\"elementor-container elementor-column-gap-default\">\n\t\t\t\t\t<div class=\"elementor-column elementor-col-100 elementor-top-column elementor-element elementor-element-8419294 exad-glass-effect-no exad-sticky-section-no\" data-id=\"8419294\" data-element_type=\"column\" data-e-type=\"column\">\n\t\t\t<div class=\"elementor-widget-wrap elementor-element-populated\">\n\t\t\t\t\t\t<section class=\"elementor-section elementor-inner-section elementor-element elementor-element-2cb1dc60 elementor-section-full_width elementor-section-height-default elementor-section-height-default exad-glass-effect-no exad-sticky-section-no\" data-id=\"2cb1dc60\" data-element_type=\"section\" data-e-type=\"section\">\n\t\t\t\t\t\t<div class=\"elementor-container elementor-column-gap-default\">\n\t\t\t\t\t<div class=\"elementor-column elementor-col-25 elementor-inner-column elementor-element elementor-element-53d6d91a exad-glass-effect-no exad-sticky-section-no\" data-id=\"53d6d91a\" data-element_type=\"column\" data-e-type=\"column\">\n\t\t\t<div class=\"elementor-widget-wrap elementor-element-populated\">\n\t\t\t\t\t\t<div class=\"exad-link-anything-wrapper elementor-element elementor-element-d036dbf ekit-equal-height-disable exad-sticky-section-no exad-glass-effect-no elementor-widget elementor-widget-elementskit-image-box\" data-exad-element-link=\"{&quot;url&quot;:&quot;https:\\\/\\\/les3clefsdegaya.com&quot;,&quot;is_external&quot;:&quot;on&quot;,&quot;nofollow&quot;:&quot;&quot;,&quot;custom_attributes&quot;:&quot;&quot;}\" style=\"cursor: pointer\" data-id=\"d036dbf\" data-element_type=\"widget\" data-e-type=\"widget\" data-widget_type=\"elementskit-image-box.default\">\n\t\t\t\t<div class=\"elementor-widget-container\">\n\t\t\t\t\t<div class=\"ekit-wid-con\" >\n            <div class=\"elementskit-info-image-box ekit-image-box text-center style-modern\" >\n\n                <a href=\"https:\/\/les3clefsdegaya.com\" target=\"_blank\">\n                <div class=\"elementskit-box-header image-box-img-center\">\n\n                    <img fetchpriority=\"high\" decoding=\"async\" width=\"1000\" height=\"1000\" src=\"https:\/\/localementbox.com\/wp-content\/uploads\/2024\/02\/logo-Les-3-Clefs-de-GaYa-10.png\" class=\"attachment-full size-full wp-image-2136\" alt=\"\" srcset=\"https:\/\/localementbox.com\/wp-content\/uploads\/2024\/02\/logo-Les-3-Clefs-de-GaYa-10.png 1000w, https:\/\/localementbox.com\/wp-content\/uploads\/2024\/02\/logo-Les-3-Clefs-de-GaYa-10-300x300.png 300w, https:\/\/localementbox.com\/wp-content\/uploads\/2024\/02\/logo-Les-3-Clefs-de-GaYa-10-100x100.png 100w, https:\/\/localementbox.com\/wp-content\/uploads\/2024\/02\/logo-Les-3-Clefs-de-GaYa-10-600x600.png 600w\" sizes=\"(max-width: 1000px) 100vw, 1000px\" \/>\n                <\/div>\n                <\/a>\n                <div class=\"elementskit-box-body ekit-image-box-body\">\n                    <div class=\"elementskit-box-content ekit-image-box-body-inner\">\n                                                <h3 class=\"elementskit-info-box-title\">\n\n                        Les 3 Clefs de GaYa <br> Bien-\u00eatre &amp; Spa privatif\n                        \n                    <\/h3>\n                                                            <div class=\"elementskit-box-style-content\">\n                        Spa de nage, sauna, lit hydromassant et relaxation immersive en toute autonomie dans un g\u00eete privatis\u00e9.                    <\/div>\n                                    <\/div>\n\n                                <div class=\"elementskit-box-footer\">\n                    <div class=\"box-footer\">\n                        <div class=\"btn-wraper\">\n                                                            <a href=\"https:\/\/les3clefsdegaya.com\" target=\"_blank\" class=\"elementskit-btn whitespace--normal\">\n                                    https:\/\/les3clefsdegaya.com                                <\/a>\n                                                    <\/div>\n                    <\/div>\n                <\/div>\n                            <\/div>\n            <\/div>\n    <\/div>\t\t\t\t<\/div>\n\t\t\t\t<\/div>\n\t\t\t\t\t<\/div>\n\t\t<\/div>\n\t\t\t\t<div class=\"elementor-column elementor-col-25 elementor-inner-column elementor-element elementor-element-8083f10 exad-glass-effect-no exad-sticky-section-no\" data-id=\"8083f10\" data-element_type=\"column\" data-e-type=\"column\">\n\t\t\t<div class=\"elementor-widget-wrap elementor-element-populated\">\n\t\t\t\t\t\t<div class=\"exad-link-anything-wrapper elementor-element elementor-element-054f149 ekit-equal-height-disable exad-sticky-section-no exad-glass-effect-no elementor-widget elementor-widget-elementskit-image-box\" data-exad-element-link=\"{&quot;url&quot;:&quot;https:\\\/\\\/www.location-en-dordogne.com\\\/&quot;,&quot;is_external&quot;:&quot;on&quot;,&quot;nofollow&quot;:&quot;&quot;,&quot;custom_attributes&quot;:&quot;&quot;}\" style=\"cursor: pointer\" data-id=\"054f149\" data-element_type=\"widget\" data-e-type=\"widget\" data-widget_type=\"elementskit-image-box.default\">\n\t\t\t\t<div class=\"elementor-widget-container\">\n\t\t\t\t\t<div class=\"ekit-wid-con\" >\n            <div class=\"elementskit-info-image-box ekit-image-box text-center style-modern\" >\n\n                <a href=\"https:\/\/www.location-en-dordogne.com\/\" target=\"_blank\">\n                <div class=\"elementskit-box-header image-box-img-center\">\n\n                    <img decoding=\"async\" width=\"2000\" height=\"2000\" src=\"https:\/\/localementbox.com\/wp-content\/uploads\/2025\/07\/White-Grey-Nature-Background-Winter-Photo-Collage-25-x-25-cm-7.jpg\" class=\"attachment-full size-full wp-image-3831\" alt=\"\" srcset=\"https:\/\/localementbox.com\/wp-content\/uploads\/2025\/07\/White-Grey-Nature-Background-Winter-Photo-Collage-25-x-25-cm-7.jpg 2000w, https:\/\/localementbox.com\/wp-content\/uploads\/2025\/07\/White-Grey-Nature-Background-Winter-Photo-Collage-25-x-25-cm-7-300x300.jpg 300w, https:\/\/localementbox.com\/wp-content\/uploads\/2025\/07\/White-Grey-Nature-Background-Winter-Photo-Collage-25-x-25-cm-7-1024x1024.jpg 1024w, https:\/\/localementbox.com\/wp-content\/uploads\/2025\/07\/White-Grey-Nature-Background-Winter-Photo-Collage-25-x-25-cm-7-150x150.jpg 150w, https:\/\/localementbox.com\/wp-content\/uploads\/2025\/07\/White-Grey-Nature-Background-Winter-Photo-Collage-25-x-25-cm-7-768x768.jpg 768w, https:\/\/localementbox.com\/wp-content\/uploads\/2025\/07\/White-Grey-Nature-Background-Winter-Photo-Collage-25-x-25-cm-7-1536x1536.jpg 1536w, https:\/\/localementbox.com\/wp-content\/uploads\/2025\/07\/White-Grey-Nature-Background-Winter-Photo-Collage-25-x-25-cm-7-1320x1320.jpg 1320w\" sizes=\"(max-width: 2000px) 100vw, 2000px\" \/>\n                <\/div>\n                <\/a>\n                <div class=\"elementskit-box-body ekit-image-box-body\">\n                    <div class=\"elementskit-box-content ekit-image-box-body-inner\">\n                                                <h3 class=\"elementskit-info-box-title\">\n\n                        le Moulin de la Jarousse <br> Locations insolites\n                        \n                    <\/h3>\n                                                            <div class=\"elementskit-box-style-content\">\n                        Logements insolites en P\u00e9rigord : Cabanes dans les arbres ou sur l'eau avec ou sans spa,  love nids, village indon\u00e9siens...                    <\/div>\n                                    <\/div>\n\n                                <div class=\"elementskit-box-footer\">\n                    <div class=\"box-footer\">\n                        <div class=\"btn-wraper\">\n                                                            <a href=\"https:\/\/www.location-en-dordogne.com\/\" target=\"_blank\" class=\"elementskit-btn whitespace--normal\">\n                                    https:\/\/www.location-en-dordogne.com\/                                <\/a>\n                                                    <\/div>\n                    <\/div>\n                <\/div>\n                            <\/div>\n            <\/div>\n    <\/div>\t\t\t\t<\/div>\n\t\t\t\t<\/div>\n\t\t\t\t\t<\/div>\n\t\t<\/div>\n\t\t\t\t<div class=\"elementor-column elementor-col-25 elementor-inner-column elementor-element elementor-element-13f80173 exad-glass-effect-no exad-sticky-section-no\" data-id=\"13f80173\" data-element_type=\"column\" data-e-type=\"column\">\n\t\t\t<div class=\"elementor-widget-wrap\">\n\t\t\t\t\t\t\t<\/div>\n\t\t<\/div>\n\t\t\t\t<div class=\"elementor-column elementor-col-25 elementor-inner-column elementor-element elementor-element-7879bd29 exad-glass-effect-no exad-sticky-section-no\" data-id=\"7879bd29\" data-element_type=\"column\" data-e-type=\"column\">\n\t\t\t<div class=\"elementor-widget-wrap\">\n\t\t\t\t\t\t\t<\/div>\n\t\t<\/div>\n\t\t\t\t\t<\/div>\n\t\t<\/section>\n\t\t\t\t\t<\/div>\n\t\t<\/div>\n\t\t\t\t\t<\/div>\n\t\t<\/article>\n\t\t<div class=\"elementor-element elementor-element-d114cdc e-flex e-con-boxed e-con e-parent\" data-id=\"d114cdc\" data-element_type=\"container\" data-e-type=\"container\">\n\t\t\t\t\t<div class=\"e-con-inner\">\n\t\t\t\t<div class=\"elementor-element elementor-element-999f341 elementor-align-center exad-sticky-section-no exad-glass-effect-no elementor-invisible elementor-widget elementor-widget-button\" data-id=\"999f341\" data-element_type=\"widget\" data-e-type=\"widget\" data-settings=\"{&quot;_animation&quot;:&quot;fadeInDown&quot;}\" data-widget_type=\"button.default\">\n\t\t\t\t<div class=\"elementor-widget-container\">\n\t\t\t\t\t\t\t\t\t<div class=\"elementor-button-wrapper\">\n\t\t\t\t\t<a class=\"elementor-button elementor-button-link elementor-size-xs elementor-animation-sink\" href=\"https:\/\/localementbox.com\/\">\n\t\t\t\t\t\t<span class=\"elementor-button-content-wrapper\">\n\t\t\t\t\t\t\t\t\t<span class=\"elementor-button-text\">Retour Accueil<\/span>\n\t\t\t\t\t<\/span>\n\t\t\t\t\t<\/a>\n\t\t\t\t<\/div>\n\t\t\t\t\t\t\t\t<\/div>\n\t\t\t\t<\/div>\n\t\t\t\t\t<\/div>\n\t\t\t\t<\/div>\n\t\t\t\t<\/div>\n\t\t<div style=\"margin: 20px 0;\"><div class=\"qrcswholewtapper\" style=\"text-align:left;\"><div class=\"qrcprowrapper\"  id=\"qrcwraa2leds\"><div class=\"qrc_canvass\" id=\"qrc_cuttenpages_2\" style=\"display:inline-block\" data-text=\"https:\/\/localementbox.com\/index.php\/bien-etre-decouverte\/\"><\/div><\/div><\/div><\/div>","protected":false},"excerpt":{"rendered":"<p>Nos S\u00e9jours Les 3 Clefs de GaYa Bien-\u00eatre &amp; Spa privatif Spa de nage, sauna, lit hydromassant et relaxation immersive en toute autonomie dans un g\u00eete privatis\u00e9. https:\/\/les3clefsdegaya.com le Moulin de la Jarousse Locations insolites Logements insolites en P\u00e9rigord : Cabanes dans les arbres ou sur l&rsquo;eau avec ou sans spa, love nids, village indon\u00e9siens&#8230; [&hellip;]<\/p>\n","protected":false},"author":1,"featured_media":0,"parent":0,"menu_order":0,"comment_status":"closed","ping_status":"closed","template":"elementor_header_footer","meta":{"om_disable_all_campaigns":false,"_monsterinsights_skip_tracking":false,"_monsterinsights_sitenote_active":false,"_monsterinsights_sitenote_note":"","_monsterinsights_sitenote_category":0,"footnotes":""},"class_list":["post-3253","page","type-page","status-publish","hentry"],"aioseo_notices":[],"jetpack_sharing_enabled":true,"_links":{"self":[{"href":"https:\/\/localementbox.com\/index.php\/wp-json\/wp\/v2\/pages\/3253","targetHints":{"allow":["GET"]}}],"collection":[{"href":"https:\/\/localementbox.com\/index.php\/wp-json\/wp\/v2\/pages"}],"about":[{"href":"https:\/\/localementbox.com\/index.php\/wp-json\/wp\/v2\/types\/page"}],"author":[{"embeddable":true,"href":"https:\/\/localementbox.com\/index.php\/wp-json\/wp\/v2\/users\/1"}],"replies":[{"embeddable":true,"href":"https:\/\/localementbox.com\/index.php\/wp-json\/wp\/v2\/comments?post=3253"}],"version-history":[{"count":22,"href":"https:\/\/localementbox.com\/index.php\/wp-json\/wp\/v2\/pages\/3253\/revisions"}],"predecessor-version":[{"id":3837,"href":"https:\/\/localementbox.com\/index.php\/wp-json\/wp\/v2\/pages\/3253\/revisions\/3837"}],"wp:attachment":[{"href":"https:\/\/localementbox.com\/index.php\/wp-json\/wp\/v2\/media?parent=3253"}],"curies":[{"name":"wp","href":"https:\/\/api.w.org\/{rel}","templated":true}]}}