{"id":2887,"date":"2024-03-29T09:31:15","date_gmt":"2024-03-29T08:31:15","guid":{"rendered":"https:\/\/localementbox.com\/?page_id=2887"},"modified":"2025-04-28T19:15:56","modified_gmt":"2025-04-28T17:15:56","slug":"bien-etre-decouverte-2","status":"publish","type":"page","link":"https:\/\/localementbox.com\/index.php\/bien-etre-decouverte-2\/","title":{"rendered":"Beaut\u00e9\/Cosm\u00e9tiques &#8211; Localement Box"},"content":{"rendered":"\t\t<div data-elementor-type=\"wp-page\" data-elementor-id=\"2887\" class=\"elementor elementor-2887\">\n\t\t\t\t<div class=\"elementor-element elementor-element-5f795211 e-transform e-flex e-con-boxed e-con e-parent\" data-id=\"5f795211\" data-element_type=\"container\" data-e-type=\"container\" data-settings=\"{&quot;background_background&quot;:&quot;classic&quot;,&quot;_transform_translateY_effect&quot;:{&quot;unit&quot;:&quot;px&quot;,&quot;size&quot;:0,&quot;sizes&quot;:[]},&quot;_transform_translateY_effect_mobile&quot;:{&quot;unit&quot;:&quot;px&quot;,&quot;size&quot;:0,&quot;sizes&quot;:[]},&quot;_transform_translateX_effect&quot;:{&quot;unit&quot;:&quot;px&quot;,&quot;size&quot;:&quot;&quot;,&quot;sizes&quot;:[]},&quot;_transform_translateX_effect_tablet&quot;:{&quot;unit&quot;:&quot;px&quot;,&quot;size&quot;:&quot;&quot;,&quot;sizes&quot;:[]},&quot;_transform_translateX_effect_mobile&quot;:{&quot;unit&quot;:&quot;px&quot;,&quot;size&quot;:&quot;&quot;,&quot;sizes&quot;:[]},&quot;_transform_translateY_effect_tablet&quot;:{&quot;unit&quot;:&quot;px&quot;,&quot;size&quot;:&quot;&quot;,&quot;sizes&quot;:[]}}\">\n\t\t\t\t\t<div class=\"e-con-inner\">\n\t\t\t\t<div class=\"elementor-element elementor-element-9133457 exad-sticky-section-no exad-glass-effect-no elementor-widget elementor-widget-heading\" data-id=\"9133457\" data-element_type=\"widget\" data-e-type=\"widget\" data-widget_type=\"heading.default\">\n\t\t\t\t<div class=\"elementor-widget-container\">\n\t\t\t\t\t<h2 class=\"elementor-heading-title elementor-size-default\">Nos Partenaires en Beaut\u00e9\/Cosm\u00e9tiques<\/h2>\t\t\t\t<\/div>\n\t\t\t\t<\/div>\n\t\t\t\t\t<\/div>\n\t\t\t\t<\/div>\n\t\t\t\t<article class=\"elementor-section elementor-top-section elementor-element elementor-element-6323949e elementor-section-full_width elementor-section-height-default elementor-section-height-default exad-glass-effect-no exad-sticky-section-no\" data-id=\"6323949e\" data-element_type=\"section\" data-e-type=\"section\" id=\"xs_team_17\">\n\t\t\t\t\t\t<div class=\"elementor-container elementor-column-gap-default\">\n\t\t\t\t\t<div class=\"elementor-column elementor-col-100 elementor-top-column elementor-element elementor-element-2a8b20d7 exad-glass-effect-no exad-sticky-section-no\" data-id=\"2a8b20d7\" data-element_type=\"column\" data-e-type=\"column\">\n\t\t\t<div class=\"elementor-widget-wrap elementor-element-populated\">\n\t\t\t\t\t\t<section class=\"elementor-section elementor-inner-section elementor-element elementor-element-52e254e4 elementor-section-full_width elementor-section-height-default elementor-section-height-default exad-glass-effect-no exad-sticky-section-no\" data-id=\"52e254e4\" data-element_type=\"section\" data-e-type=\"section\">\n\t\t\t\t\t\t<div class=\"elementor-container elementor-column-gap-default\">\n\t\t\t\t\t<div class=\"elementor-column elementor-col-25 elementor-inner-column elementor-element elementor-element-6eb01fd6 exad-glass-effect-no exad-sticky-section-no\" data-id=\"6eb01fd6\" data-element_type=\"column\" data-e-type=\"column\">\n\t\t\t<div class=\"elementor-widget-wrap elementor-element-populated\">\n\t\t\t\t\t\t<div class=\"exad-link-anything-wrapper elementor-element elementor-element-c26845c ekit-equal-height-disable exad-sticky-section-no exad-glass-effect-no elementor-widget elementor-widget-elementskit-image-box\" data-exad-element-link=\"{&quot;url&quot;:&quot;https:\\\/\\\/www.douxsens.fr\\\/&quot;,&quot;is_external&quot;:&quot;&quot;,&quot;nofollow&quot;:&quot;&quot;,&quot;custom_attributes&quot;:&quot;&quot;}\" style=\"cursor: pointer\" data-id=\"c26845c\" data-element_type=\"widget\" data-e-type=\"widget\" data-widget_type=\"elementskit-image-box.default\">\n\t\t\t\t<div class=\"elementor-widget-container\">\n\t\t\t\t\t<div class=\"ekit-wid-con\" >\n            <div class=\"elementskit-info-image-box ekit-image-box text-center style-modern\" >\n\n                <a href=\"https:\/\/www.douxsens.fr\/\" target=\"_blank\">\n                <div class=\"elementskit-box-header image-box-img-center\">\n\n                    <img fetchpriority=\"high\" decoding=\"async\" width=\"1125\" height=\"1125\" src=\"https:\/\/localementbox.com\/wp-content\/uploads\/2024\/03\/Black-and-White-Elegant-Typography-Initials-Personal-Brand-Logo-Design-2.png\" class=\"attachment-full size-full wp-image-2596\" alt=\"localement Box coffret cadeau 100% Local\" srcset=\"https:\/\/localementbox.com\/wp-content\/uploads\/2024\/03\/Black-and-White-Elegant-Typography-Initials-Personal-Brand-Logo-Design-2.png 1125w, https:\/\/localementbox.com\/wp-content\/uploads\/2024\/03\/Black-and-White-Elegant-Typography-Initials-Personal-Brand-Logo-Design-2-300x300.png 300w, https:\/\/localementbox.com\/wp-content\/uploads\/2024\/03\/Black-and-White-Elegant-Typography-Initials-Personal-Brand-Logo-Design-2-100x100.png 100w, https:\/\/localementbox.com\/wp-content\/uploads\/2024\/03\/Black-and-White-Elegant-Typography-Initials-Personal-Brand-Logo-Design-2-600x600.png 600w\" sizes=\"(max-width: 1125px) 100vw, 1125px\" \/>\n                <\/div>\n                <\/a>\n                <div class=\"elementskit-box-body ekit-image-box-body\">\n                    <div class=\"elementskit-box-content ekit-image-box-body-inner\">\n                                                <h3 class=\"elementskit-info-box-title\">\n\n                        Doux Sens <br> Institut de Beaut\u00e9\n                        \n                    <\/h3>\n                                                            <div class=\"elementskit-box-style-content\">\n                        Toutes une gamme de soins et de prestations \n<br>Plus d'information au 05.55.56.57.58                    <\/div>\n                                    <\/div>\n\n                                <div class=\"elementskit-box-footer\">\n                    <div class=\"box-footer\">\n                        <div class=\"btn-wraper\">\n                                                            <a href=\"https:\/\/www.douxsens.fr\/\" class=\"elementskit-btn whitespace--normal\">\n                                    https:\/\/www.douxsens.fr                                <\/a>\n                                                    <\/div>\n                    <\/div>\n                <\/div>\n                            <\/div>\n            <\/div>\n    <\/div>\t\t\t\t<\/div>\n\t\t\t\t<\/div>\n\t\t\t\t\t<\/div>\n\t\t<\/div>\n\t\t\t\t<div class=\"elementor-column elementor-col-25 elementor-inner-column elementor-element elementor-element-26021010 exad-glass-effect-no exad-sticky-section-no\" data-id=\"26021010\" data-element_type=\"column\" data-e-type=\"column\">\n\t\t\t<div class=\"elementor-widget-wrap elementor-element-populated\">\n\t\t\t\t\t\t<div class=\"exad-link-anything-wrapper elementor-element elementor-element-81ae010 ekit-equal-height-disable exad-sticky-section-no exad-glass-effect-no elementor-widget elementor-widget-elementskit-image-box\" data-exad-element-link=\"{&quot;url&quot;:&quot;https:\\\/\\\/nature-et-limousin.fr&quot;,&quot;is_external&quot;:&quot;&quot;,&quot;nofollow&quot;:&quot;&quot;,&quot;custom_attributes&quot;:&quot;&quot;}\" style=\"cursor: pointer\" data-id=\"81ae010\" data-element_type=\"widget\" data-e-type=\"widget\" data-widget_type=\"elementskit-image-box.default\">\n\t\t\t\t<div class=\"elementor-widget-container\">\n\t\t\t\t\t<div class=\"ekit-wid-con\" >\n            <div class=\"elementskit-info-image-box ekit-image-box text-center style-modern\" >\n\n                <a href=\"https:\/\/nature-et-limousin.fr\/\" target=\"_blank\">\n                <div class=\"elementskit-box-header image-box-img-center\">\n\n                    <img decoding=\"async\" width=\"938\" height=\"938\" src=\"https:\/\/localementbox.com\/wp-content\/uploads\/2024\/03\/Black-and-White-Elegant-Typography-Initials-Personal-Brand-Logo-Design-3.png\" class=\"attachment-full size-full wp-image-2598\" alt=\"localement Box coffret cadeau 100% Local\" srcset=\"https:\/\/localementbox.com\/wp-content\/uploads\/2024\/03\/Black-and-White-Elegant-Typography-Initials-Personal-Brand-Logo-Design-3.png 938w, https:\/\/localementbox.com\/wp-content\/uploads\/2024\/03\/Black-and-White-Elegant-Typography-Initials-Personal-Brand-Logo-Design-3-300x300.png 300w, https:\/\/localementbox.com\/wp-content\/uploads\/2024\/03\/Black-and-White-Elegant-Typography-Initials-Personal-Brand-Logo-Design-3-100x100.png 100w, https:\/\/localementbox.com\/wp-content\/uploads\/2024\/03\/Black-and-White-Elegant-Typography-Initials-Personal-Brand-Logo-Design-3-600x600.png 600w\" sizes=\"(max-width: 938px) 100vw, 938px\" \/>\n                <\/div>\n                <\/a>\n                <div class=\"elementskit-box-body ekit-image-box-body\">\n                    <div class=\"elementskit-box-content ekit-image-box-body-inner\">\n                                                <h3 class=\"elementskit-info-box-title\">\n\n                        Nature Et Limousin <br>Cosm\u00e9tiques et savons bio\n                        \n                    <\/h3>\n                                                            <div class=\"elementskit-box-style-content\">\n                        Petite entreprise familiale et locale qui fabrique des savons et des cosm\u00e9tiques , situ\u00e9e \u00e0 Limoges.\u00a0                    <\/div>\n                                    <\/div>\n\n                                <div class=\"elementskit-box-footer\">\n                    <div class=\"box-footer\">\n                        <div class=\"btn-wraper\">\n                                                            <a href=\"https:\/\/nature-et-limousin.fr\" target=\"_blank\" class=\"elementskit-btn whitespace--normal\">\n                                    https:\/\/nature-et-limousin.fr                                <\/a>\n                                                    <\/div>\n                    <\/div>\n                <\/div>\n                            <\/div>\n            <\/div>\n    <\/div>\t\t\t\t<\/div>\n\t\t\t\t<\/div>\n\t\t\t\t\t<\/div>\n\t\t<\/div>\n\t\t\t\t<div class=\"elementor-column elementor-col-25 elementor-inner-column elementor-element elementor-element-2bc99c86 exad-glass-effect-no exad-sticky-section-no\" data-id=\"2bc99c86\" data-element_type=\"column\" data-e-type=\"column\">\n\t\t\t<div class=\"elementor-widget-wrap\">\n\t\t\t\t\t\t\t<\/div>\n\t\t<\/div>\n\t\t\t\t<div class=\"elementor-column elementor-col-25 elementor-inner-column elementor-element elementor-element-34e20309 exad-glass-effect-no exad-sticky-section-no\" data-id=\"34e20309\" data-element_type=\"column\" data-e-type=\"column\">\n\t\t\t<div class=\"elementor-widget-wrap\">\n\t\t\t\t\t\t\t<\/div>\n\t\t<\/div>\n\t\t\t\t\t<\/div>\n\t\t<\/section>\n\t\t\t\t\t<\/div>\n\t\t<\/div>\n\t\t\t\t\t<\/div>\n\t\t<\/article>\n\t\t<div class=\"elementor-element elementor-element-f530509 e-flex e-con-boxed e-con e-parent\" data-id=\"f530509\" data-element_type=\"container\" data-e-type=\"container\">\n\t\t\t\t\t<div class=\"e-con-inner\">\n\t\t\t\t<div class=\"elementor-element elementor-element-ad35076 elementor-align-center exad-sticky-section-no exad-glass-effect-no elementor-invisible elementor-widget elementor-widget-button\" data-id=\"ad35076\" data-element_type=\"widget\" data-e-type=\"widget\" data-settings=\"{&quot;_animation&quot;:&quot;fadeInDown&quot;}\" data-widget_type=\"button.default\">\n\t\t\t\t<div class=\"elementor-widget-container\">\n\t\t\t\t\t\t\t\t\t<div class=\"elementor-button-wrapper\">\n\t\t\t\t\t<a class=\"elementor-button elementor-button-link elementor-size-xs elementor-animation-sink\" href=\"https:\/\/localementbox.com\/\">\n\t\t\t\t\t\t<span class=\"elementor-button-content-wrapper\">\n\t\t\t\t\t\t\t\t\t<span class=\"elementor-button-text\">Retour Accueil<\/span>\n\t\t\t\t\t<\/span>\n\t\t\t\t\t<\/a>\n\t\t\t\t<\/div>\n\t\t\t\t\t\t\t\t<\/div>\n\t\t\t\t<\/div>\n\t\t\t\t\t<\/div>\n\t\t\t\t<\/div>\n\t\t\t\t<\/div>\n\t\t<div style=\"margin: 20px 0;\"><div class=\"qrcswholewtapper\" style=\"text-align:left;\"><div class=\"qrcprowrapper\"  id=\"qrcwraa2leds\"><div class=\"qrc_canvass\" id=\"qrc_cuttenpages_2\" style=\"display:inline-block\" data-text=\"https:\/\/localementbox.com\/index.php\/bien-etre-decouverte-2\/\"><\/div><\/div><\/div><\/div>","protected":false},"excerpt":{"rendered":"<p>Nos Partenaires en Beaut\u00e9\/Cosm\u00e9tiques Doux Sens Institut de Beaut\u00e9 Toutes une gamme de soins et de prestations Plus d&rsquo;information au 05.55.56.57.58 https:\/\/www.douxsens.fr Nature Et Limousin Cosm\u00e9tiques et savons bio Petite entreprise familiale et locale qui fabrique des savons et des cosm\u00e9tiques , situ\u00e9e \u00e0 Limoges.\u00a0 https:\/\/nature-et-limousin.fr Retour Accueil<\/p>\n","protected":false},"author":1,"featured_media":0,"parent":0,"menu_order":0,"comment_status":"closed","ping_status":"closed","template":"elementor_header_footer","meta":{"om_disable_all_campaigns":false,"_monsterinsights_skip_tracking":false,"_monsterinsights_sitenote_active":false,"_monsterinsights_sitenote_note":"","_monsterinsights_sitenote_category":0,"footnotes":""},"class_list":["post-2887","page","type-page","status-publish","hentry"],"aioseo_notices":[],"jetpack_sharing_enabled":true,"_links":{"self":[{"href":"https:\/\/localementbox.com\/index.php\/wp-json\/wp\/v2\/pages\/2887","targetHints":{"allow":["GET"]}}],"collection":[{"href":"https:\/\/localementbox.com\/index.php\/wp-json\/wp\/v2\/pages"}],"about":[{"href":"https:\/\/localementbox.com\/index.php\/wp-json\/wp\/v2\/types\/page"}],"author":[{"embeddable":true,"href":"https:\/\/localementbox.com\/index.php\/wp-json\/wp\/v2\/users\/1"}],"replies":[{"embeddable":true,"href":"https:\/\/localementbox.com\/index.php\/wp-json\/wp\/v2\/comments?post=2887"}],"version-history":[{"count":30,"href":"https:\/\/localementbox.com\/index.php\/wp-json\/wp\/v2\/pages\/2887\/revisions"}],"predecessor-version":[{"id":3815,"href":"https:\/\/localementbox.com\/index.php\/wp-json\/wp\/v2\/pages\/2887\/revisions\/3815"}],"wp:attachment":[{"href":"https:\/\/localementbox.com\/index.php\/wp-json\/wp\/v2\/media?parent=2887"}],"curies":[{"name":"wp","href":"https:\/\/api.w.org\/{rel}","templated":true}]}}