{"id":2791,"date":"2024-03-27T18:48:30","date_gmt":"2024-03-27T17:48:30","guid":{"rendered":"https:\/\/localementbox.com\/?page_id=2791"},"modified":"2025-04-28T19:10:35","modified_gmt":"2025-04-28T17:10:35","slug":"epicerie-douceur","status":"publish","type":"page","link":"https:\/\/localementbox.com\/index.php\/epicerie-douceur\/","title":{"rendered":"Epicerie &#8211; Localement Box"},"content":{"rendered":"\t\t<div data-elementor-type=\"wp-page\" data-elementor-id=\"2791\" class=\"elementor elementor-2791\">\n\t\t\t\t<div class=\"elementor-element elementor-element-5c1275bb e-transform e-flex e-con-boxed e-con e-parent\" data-id=\"5c1275bb\" data-element_type=\"container\" data-e-type=\"container\" data-settings=\"{&quot;background_background&quot;:&quot;classic&quot;,&quot;_transform_translateY_effect&quot;:{&quot;unit&quot;:&quot;px&quot;,&quot;size&quot;:0,&quot;sizes&quot;:[]},&quot;_transform_translateY_effect_mobile&quot;:{&quot;unit&quot;:&quot;px&quot;,&quot;size&quot;:0,&quot;sizes&quot;:[]},&quot;_transform_translateX_effect&quot;:{&quot;unit&quot;:&quot;px&quot;,&quot;size&quot;:&quot;&quot;,&quot;sizes&quot;:[]},&quot;_transform_translateX_effect_tablet&quot;:{&quot;unit&quot;:&quot;px&quot;,&quot;size&quot;:&quot;&quot;,&quot;sizes&quot;:[]},&quot;_transform_translateX_effect_mobile&quot;:{&quot;unit&quot;:&quot;px&quot;,&quot;size&quot;:&quot;&quot;,&quot;sizes&quot;:[]},&quot;_transform_translateY_effect_tablet&quot;:{&quot;unit&quot;:&quot;px&quot;,&quot;size&quot;:&quot;&quot;,&quot;sizes&quot;:[]}}\">\n\t\t\t\t\t<div class=\"e-con-inner\">\n\t\t\t\t<div class=\"elementor-element elementor-element-30ecaa34 exad-sticky-section-no exad-glass-effect-no elementor-widget elementor-widget-heading\" data-id=\"30ecaa34\" data-element_type=\"widget\" data-e-type=\"widget\" data-widget_type=\"heading.default\">\n\t\t\t\t<div class=\"elementor-widget-container\">\n\t\t\t\t\t<h2 class=\"elementor-heading-title elementor-size-default\">Nos Partenaires \"Epicerie\"<\/h2>\t\t\t\t<\/div>\n\t\t\t\t<\/div>\n\t\t\t\t\t<\/div>\n\t\t\t\t<\/div>\n\t\t\t\t<article class=\"elementor-section elementor-top-section elementor-element elementor-element-22778882 elementor-section-full_width elementor-section-height-default elementor-section-height-default exad-glass-effect-no exad-sticky-section-no\" data-id=\"22778882\" data-element_type=\"section\" data-e-type=\"section\" id=\"xs_team_17\">\n\t\t\t\t\t\t<div class=\"elementor-container elementor-column-gap-default\">\n\t\t\t\t\t<div class=\"elementor-column elementor-col-100 elementor-top-column elementor-element elementor-element-5339c2e0 exad-glass-effect-no exad-sticky-section-no\" data-id=\"5339c2e0\" data-element_type=\"column\" data-e-type=\"column\">\n\t\t\t<div class=\"elementor-widget-wrap elementor-element-populated\">\n\t\t\t\t\t\t<section class=\"elementor-section elementor-inner-section elementor-element elementor-element-11709ca elementor-section-full_width elementor-section-height-default elementor-section-height-default exad-glass-effect-no exad-sticky-section-no\" data-id=\"11709ca\" data-element_type=\"section\" data-e-type=\"section\">\n\t\t\t\t\t\t<div class=\"elementor-container elementor-column-gap-default\">\n\t\t\t\t\t<div class=\"elementor-column elementor-col-25 elementor-inner-column elementor-element elementor-element-330fa729 exad-glass-effect-no exad-sticky-section-no\" data-id=\"330fa729\" data-element_type=\"column\" data-e-type=\"column\">\n\t\t\t<div class=\"elementor-widget-wrap elementor-element-populated\">\n\t\t\t\t\t\t<div class=\"exad-link-anything-wrapper elementor-element elementor-element-1b97e78 ekit-equal-height-disable exad-sticky-section-no exad-glass-effect-no elementor-widget elementor-widget-elementskit-image-box\" data-exad-element-link=\"{&quot;url&quot;:&quot;https:\\\/\\\/loc-in-boc.jimdosite.com\\\/&quot;,&quot;is_external&quot;:&quot;&quot;,&quot;nofollow&quot;:&quot;&quot;,&quot;custom_attributes&quot;:&quot;&quot;}\" style=\"cursor: pointer\" data-id=\"1b97e78\" data-element_type=\"widget\" data-e-type=\"widget\" data-widget_type=\"elementskit-image-box.default\">\n\t\t\t\t<div class=\"elementor-widget-container\">\n\t\t\t\t\t<div class=\"ekit-wid-con\" >\n            <div class=\"elementskit-info-image-box ekit-image-box text-center style-modern\" >\n\n                <a href=\"https:\/\/loc-in-boc.jimdosite.com\/\" target=\"_blank\">\n                <div class=\"elementskit-box-header image-box-img-center\">\n\n                    <img fetchpriority=\"high\" decoding=\"async\" width=\"500\" height=\"500\" src=\"https:\/\/localementbox.com\/wp-content\/uploads\/2024\/03\/Black-and-White-Elegant-Typography-Initials-Personal-Brand-Logo-Design-5.png\" class=\"attachment-full size-full wp-image-2656\" alt=\"localement Box coffret cadeau 100% Local\" srcset=\"https:\/\/localementbox.com\/wp-content\/uploads\/2024\/03\/Black-and-White-Elegant-Typography-Initials-Personal-Brand-Logo-Design-5.png 500w, https:\/\/localementbox.com\/wp-content\/uploads\/2024\/03\/Black-and-White-Elegant-Typography-Initials-Personal-Brand-Logo-Design-5-300x300.png 300w, https:\/\/localementbox.com\/wp-content\/uploads\/2024\/03\/Black-and-White-Elegant-Typography-Initials-Personal-Brand-Logo-Design-5-100x100.png 100w\" sizes=\"(max-width: 500px) 100vw, 500px\" \/>\n                <\/div>\n                <\/a>\n                <div class=\"elementskit-box-body ekit-image-box-body\">\n                    <div class=\"elementskit-box-content ekit-image-box-body-inner\">\n                                                <h3 class=\"elementskit-info-box-title\">\n\n                        Loc In Boc <br>Du local en bocal\n                        \n                    <\/h3>\n                                                            <div class=\"elementskit-box-style-content\">\n                        Pr\u00e9sente dans plusieurs point de vente, foires, march\u00e9s ou en boutique \u00e0 St Yrieix la Perche                    <\/div>\n                                    <\/div>\n\n                                <div class=\"elementskit-box-footer\">\n                    <div class=\"box-footer\">\n                        <div class=\"btn-wraper\">\n                                                            <a href=\"https:\/\/loc-in-boc.jimdosite.com\/\" target=\"_blank\" class=\"elementskit-btn whitespace--normal\">\n                                    https:\/\/loc-in-boc.jimdosite.com                                <\/a>\n                                                    <\/div>\n                    <\/div>\n                <\/div>\n                            <\/div>\n            <\/div>\n    <\/div>\t\t\t\t<\/div>\n\t\t\t\t<\/div>\n\t\t\t\t\t<\/div>\n\t\t<\/div>\n\t\t\t\t<div class=\"elementor-column elementor-col-25 elementor-inner-column elementor-element elementor-element-207916b2 exad-glass-effect-no exad-sticky-section-no\" data-id=\"207916b2\" data-element_type=\"column\" data-e-type=\"column\">\n\t\t\t<div class=\"elementor-widget-wrap\">\n\t\t\t\t\t\t\t<\/div>\n\t\t<\/div>\n\t\t\t\t<div class=\"elementor-column elementor-col-25 elementor-inner-column elementor-element elementor-element-3d1e71c7 exad-glass-effect-no exad-sticky-section-no\" data-id=\"3d1e71c7\" data-element_type=\"column\" data-e-type=\"column\">\n\t\t\t<div class=\"elementor-widget-wrap\">\n\t\t\t\t\t\t\t<\/div>\n\t\t<\/div>\n\t\t\t\t<div class=\"elementor-column elementor-col-25 elementor-inner-column elementor-element elementor-element-5fe81c8f exad-glass-effect-no exad-sticky-section-no\" data-id=\"5fe81c8f\" data-element_type=\"column\" data-e-type=\"column\">\n\t\t\t<div class=\"elementor-widget-wrap\">\n\t\t\t\t\t\t\t<\/div>\n\t\t<\/div>\n\t\t\t\t\t<\/div>\n\t\t<\/section>\n\t\t\t\t\t<\/div>\n\t\t<\/div>\n\t\t\t\t\t<\/div>\n\t\t<\/article>\n\t\t<div class=\"elementor-element elementor-element-cf50dca e-flex e-con-boxed e-con e-parent\" data-id=\"cf50dca\" data-element_type=\"container\" data-e-type=\"container\">\n\t\t\t\t\t<div class=\"e-con-inner\">\n\t\t\t\t<div class=\"elementor-element elementor-element-93071df elementor-align-center exad-sticky-section-no exad-glass-effect-no elementor-invisible elementor-widget elementor-widget-button\" data-id=\"93071df\" data-element_type=\"widget\" data-e-type=\"widget\" data-settings=\"{&quot;_animation&quot;:&quot;fadeInDown&quot;}\" data-widget_type=\"button.default\">\n\t\t\t\t<div class=\"elementor-widget-container\">\n\t\t\t\t\t\t\t\t\t<div class=\"elementor-button-wrapper\">\n\t\t\t\t\t<a class=\"elementor-button elementor-button-link elementor-size-xs elementor-animation-sink\" href=\"https:\/\/localementbox.com\/\">\n\t\t\t\t\t\t<span class=\"elementor-button-content-wrapper\">\n\t\t\t\t\t\t\t\t\t<span class=\"elementor-button-text\">Retour Accueil<\/span>\n\t\t\t\t\t<\/span>\n\t\t\t\t\t<\/a>\n\t\t\t\t<\/div>\n\t\t\t\t\t\t\t\t<\/div>\n\t\t\t\t<\/div>\n\t\t\t\t\t<\/div>\n\t\t\t\t<\/div>\n\t\t\t\t<\/div>\n\t\t<div style=\"margin: 20px 0;\"><div class=\"qrcswholewtapper\" style=\"text-align:left;\"><div class=\"qrcprowrapper\"  id=\"qrcwraa2leds\"><div class=\"qrc_canvass\" id=\"qrc_cuttenpages_2\" style=\"display:inline-block\" data-text=\"https:\/\/localementbox.com\/index.php\/epicerie-douceur\/\"><\/div><\/div><\/div><\/div>","protected":false},"excerpt":{"rendered":"<p>Nos Partenaires \u00ab\u00a0Epicerie\u00a0\u00bb Loc In Boc Du local en bocal Pr\u00e9sente dans plusieurs point de vente, foires, march\u00e9s ou en boutique \u00e0 St Yrieix la Perche https:\/\/loc-in-boc.jimdosite.com Retour Accueil<\/p>\n","protected":false},"author":1,"featured_media":0,"parent":0,"menu_order":0,"comment_status":"closed","ping_status":"closed","template":"elementor_header_footer","meta":{"om_disable_all_campaigns":false,"_monsterinsights_skip_tracking":false,"_monsterinsights_sitenote_active":false,"_monsterinsights_sitenote_note":"","_monsterinsights_sitenote_category":0,"footnotes":""},"class_list":["post-2791","page","type-page","status-publish","hentry"],"aioseo_notices":[],"jetpack_sharing_enabled":true,"_links":{"self":[{"href":"https:\/\/localementbox.com\/index.php\/wp-json\/wp\/v2\/pages\/2791","targetHints":{"allow":["GET"]}}],"collection":[{"href":"https:\/\/localementbox.com\/index.php\/wp-json\/wp\/v2\/pages"}],"about":[{"href":"https:\/\/localementbox.com\/index.php\/wp-json\/wp\/v2\/types\/page"}],"author":[{"embeddable":true,"href":"https:\/\/localementbox.com\/index.php\/wp-json\/wp\/v2\/users\/1"}],"replies":[{"embeddable":true,"href":"https:\/\/localementbox.com\/index.php\/wp-json\/wp\/v2\/comments?post=2791"}],"version-history":[{"count":13,"href":"https:\/\/localementbox.com\/index.php\/wp-json\/wp\/v2\/pages\/2791\/revisions"}],"predecessor-version":[{"id":3791,"href":"https:\/\/localementbox.com\/index.php\/wp-json\/wp\/v2\/pages\/2791\/revisions\/3791"}],"wp:attachment":[{"href":"https:\/\/localementbox.com\/index.php\/wp-json\/wp\/v2\/media?parent=2791"}],"curies":[{"name":"wp","href":"https:\/\/api.w.org\/{rel}","templated":true}]}}