{"id":2678,"date":"2024-03-27T17:11:56","date_gmt":"2024-03-27T16:11:56","guid":{"rendered":"https:\/\/localementbox.com\/?page_id=2678"},"modified":"2025-04-28T19:16:46","modified_gmt":"2025-04-28T17:16:46","slug":"medecines-alternatives-douceur-2","status":"publish","type":"page","link":"https:\/\/localementbox.com\/index.php\/medecines-alternatives-douceur-2\/","title":{"rendered":"M\u00e9decines Alternatives &#8211; Localement Box"},"content":{"rendered":"\t\t<div data-elementor-type=\"wp-page\" data-elementor-id=\"2678\" class=\"elementor elementor-2678\">\n\t\t\t\t<div class=\"elementor-element elementor-element-62c572c9 e-transform e-flex e-con-boxed e-con e-parent\" data-id=\"62c572c9\" data-element_type=\"container\" data-e-type=\"container\" data-settings=\"{&quot;background_background&quot;:&quot;classic&quot;,&quot;_transform_translateY_effect&quot;:{&quot;unit&quot;:&quot;px&quot;,&quot;size&quot;:0,&quot;sizes&quot;:[]},&quot;_transform_translateY_effect_mobile&quot;:{&quot;unit&quot;:&quot;px&quot;,&quot;size&quot;:0,&quot;sizes&quot;:[]},&quot;_transform_translateX_effect&quot;:{&quot;unit&quot;:&quot;px&quot;,&quot;size&quot;:&quot;&quot;,&quot;sizes&quot;:[]},&quot;_transform_translateX_effect_tablet&quot;:{&quot;unit&quot;:&quot;px&quot;,&quot;size&quot;:&quot;&quot;,&quot;sizes&quot;:[]},&quot;_transform_translateX_effect_mobile&quot;:{&quot;unit&quot;:&quot;px&quot;,&quot;size&quot;:&quot;&quot;,&quot;sizes&quot;:[]},&quot;_transform_translateY_effect_tablet&quot;:{&quot;unit&quot;:&quot;px&quot;,&quot;size&quot;:&quot;&quot;,&quot;sizes&quot;:[]}}\">\n\t\t\t\t\t<div class=\"e-con-inner\">\n\t\t\t\t<div class=\"elementor-element elementor-element-7366f53 exad-sticky-section-no exad-glass-effect-no elementor-widget elementor-widget-heading\" data-id=\"7366f53\" data-element_type=\"widget\" data-e-type=\"widget\" data-widget_type=\"heading.default\">\n\t\t\t\t<div class=\"elementor-widget-container\">\n\t\t\t\t\t<h2 class=\"elementor-heading-title elementor-size-default\">Nos Praticiens en M\u00e9decines Alternatives<\/h2>\t\t\t\t<\/div>\n\t\t\t\t<\/div>\n\t\t\t\t\t<\/div>\n\t\t\t\t<\/div>\n\t\t\t\t<article class=\"elementor-section elementor-top-section elementor-element elementor-element-5407a828 elementor-section-full_width elementor-section-height-default elementor-section-height-default exad-glass-effect-no exad-sticky-section-no\" data-id=\"5407a828\" data-element_type=\"section\" data-e-type=\"section\" id=\"xs_team_17\">\n\t\t\t\t\t\t<div class=\"elementor-container elementor-column-gap-default\">\n\t\t\t\t\t<div class=\"elementor-column elementor-col-100 elementor-top-column elementor-element elementor-element-564a9604 exad-glass-effect-no exad-sticky-section-no\" data-id=\"564a9604\" data-element_type=\"column\" data-e-type=\"column\">\n\t\t\t<div class=\"elementor-widget-wrap elementor-element-populated\">\n\t\t\t\t\t\t<section class=\"elementor-section elementor-inner-section elementor-element elementor-element-3dda2b02 elementor-section-full_width elementor-section-height-default elementor-section-height-default exad-glass-effect-no exad-sticky-section-no\" data-id=\"3dda2b02\" data-element_type=\"section\" data-e-type=\"section\">\n\t\t\t\t\t\t<div class=\"elementor-container elementor-column-gap-default\">\n\t\t\t\t\t<div class=\"elementor-column elementor-col-25 elementor-inner-column elementor-element elementor-element-461897f6 exad-glass-effect-no exad-sticky-section-no\" data-id=\"461897f6\" data-element_type=\"column\" data-e-type=\"column\">\n\t\t\t<div class=\"elementor-widget-wrap elementor-element-populated\">\n\t\t\t\t\t\t<div class=\"exad-link-anything-wrapper elementor-element elementor-element-4ef1e0f7 ekit-equal-height-disable exad-sticky-section-no exad-glass-effect-no elementor-widget elementor-widget-elementskit-image-box\" data-exad-element-link=\"{&quot;url&quot;:&quot;https:\\\/\\\/sophreaunaturetsens.com\\\/&quot;,&quot;is_external&quot;:&quot;&quot;,&quot;nofollow&quot;:&quot;&quot;,&quot;custom_attributes&quot;:&quot;&quot;}\" style=\"cursor: pointer\" data-id=\"4ef1e0f7\" data-element_type=\"widget\" data-e-type=\"widget\" data-widget_type=\"elementskit-image-box.default\">\n\t\t\t\t<div class=\"elementor-widget-container\">\n\t\t\t\t\t<div class=\"ekit-wid-con\" >\n            <div class=\"elementskit-info-image-box ekit-image-box text-center style-modern\" >\n\n                <a href=\"https:\/\/sophreaunaturetsens.com\/\" target=\"_blank\">\n                <div class=\"elementskit-box-header image-box-img-center\">\n\n                    <img fetchpriority=\"high\" decoding=\"async\" width=\"500\" height=\"500\" src=\"https:\/\/localementbox.com\/wp-content\/uploads\/2024\/02\/logo.jpg\" class=\"attachment-full size-full wp-image-2137\" alt=\"un coffret cadeau 100% local\" srcset=\"https:\/\/localementbox.com\/wp-content\/uploads\/2024\/02\/logo.jpg 500w, https:\/\/localementbox.com\/wp-content\/uploads\/2024\/02\/logo-300x300.jpg 300w, https:\/\/localementbox.com\/wp-content\/uploads\/2024\/02\/logo-100x100.jpg 100w\" sizes=\"(max-width: 500px) 100vw, 500px\" \/>\n                <\/div>\n                <\/a>\n                <div class=\"elementskit-box-body ekit-image-box-body\">\n                    <div class=\"elementskit-box-content ekit-image-box-body-inner\">\n                                                <h3 class=\"elementskit-info-box-title\">\n\n                        SEN&amp;S <br> Sophr'Eau Natur' &amp; Sens\n                        \n                    <\/h3>\n                                                            <div class=\"elementskit-box-style-content\">\n                        \nSophrologie dans la nature &amp; aqua-sophrologie  - proche Limoges                    <\/div>\n                                    <\/div>\n\n                                <div class=\"elementskit-box-footer\">\n                    <div class=\"box-footer\">\n                        <div class=\"btn-wraper\">\n                                                            <a href=\"https:\/\/sophreaunaturetsens.com\/\" target=\"_blank\" class=\"elementskit-btn whitespace--normal\">\n                                    https:\/\/sophreaunaturetsens.com                                <\/a>\n                                                    <\/div>\n                    <\/div>\n                <\/div>\n                            <\/div>\n            <\/div>\n    <\/div>\t\t\t\t<\/div>\n\t\t\t\t<\/div>\n\t\t\t\t\t<\/div>\n\t\t<\/div>\n\t\t\t\t<div class=\"elementor-column elementor-col-25 elementor-inner-column elementor-element elementor-element-5665f5d1 exad-glass-effect-no exad-sticky-section-no\" data-id=\"5665f5d1\" data-element_type=\"column\" data-e-type=\"column\">\n\t\t\t<div class=\"elementor-widget-wrap elementor-element-populated\">\n\t\t\t\t\t\t<div class=\"exad-link-anything-wrapper elementor-element elementor-element-23b190a ekit-equal-height-disable exad-sticky-section-no exad-glass-effect-no elementor-widget elementor-widget-elementskit-image-box\" data-exad-element-link=\"{&quot;url&quot;:&quot;https:\\\/\\\/loriginedumieuxetre.com&quot;,&quot;is_external&quot;:&quot;&quot;,&quot;nofollow&quot;:&quot;&quot;,&quot;custom_attributes&quot;:&quot;&quot;}\" style=\"cursor: pointer\" data-id=\"23b190a\" data-element_type=\"widget\" data-e-type=\"widget\" data-widget_type=\"elementskit-image-box.default\">\n\t\t\t\t<div class=\"elementor-widget-container\">\n\t\t\t\t\t<div class=\"ekit-wid-con\" >\n            <div class=\"elementskit-info-image-box ekit-image-box text-center style-modern\" >\n\n                <a href=\"https:\/\/loriginedumieuxetre.com\/\" target=\"_blank\">\n                <div class=\"elementskit-box-header image-box-img-center\">\n\n                    <img decoding=\"async\" width=\"500\" height=\"500\" src=\"https:\/\/localementbox.com\/wp-content\/uploads\/2024\/03\/1991a39f-620e-4c27-b342-c9003b5a6fc5.jpg\" class=\"attachment-full size-full wp-image-2594\" alt=\"localement Box coffret cadeau 100% Local\" srcset=\"https:\/\/localementbox.com\/wp-content\/uploads\/2024\/03\/1991a39f-620e-4c27-b342-c9003b5a6fc5.jpg 500w, https:\/\/localementbox.com\/wp-content\/uploads\/2024\/03\/1991a39f-620e-4c27-b342-c9003b5a6fc5-300x300.jpg 300w, https:\/\/localementbox.com\/wp-content\/uploads\/2024\/03\/1991a39f-620e-4c27-b342-c9003b5a6fc5-100x100.jpg 100w\" sizes=\"(max-width: 500px) 100vw, 500px\" \/>\n                <\/div>\n                <\/a>\n                <div class=\"elementskit-box-body ekit-image-box-body\">\n                    <div class=\"elementskit-box-content ekit-image-box-body-inner\">\n                                                <h3 class=\"elementskit-info-box-title\">\n\n                        L'Origine <br> l'Univers du Mieux-\u00eatre\n                        \n                    <\/h3>\n                                                            <div class=\"elementskit-box-style-content\">\n                        Sophrologue et Conseill\u00e8re en aromath\u00e9rapie -  Saint Junien                    <\/div>\n                                    <\/div>\n\n                                <div class=\"elementskit-box-footer\">\n                    <div class=\"box-footer\">\n                        <div class=\"btn-wraper\">\n                                                            <a href=\"https:\/\/loriginedumieuxetre.com\/\" target=\"_blank\" class=\"elementskit-btn whitespace--normal\">\n                                    https:\/\/loriginedumieuxetre.com                                <\/a>\n                                                    <\/div>\n                    <\/div>\n                <\/div>\n                            <\/div>\n            <\/div>\n    <\/div>\t\t\t\t<\/div>\n\t\t\t\t<\/div>\n\t\t\t\t\t<\/div>\n\t\t<\/div>\n\t\t\t\t<div class=\"elementor-column elementor-col-25 elementor-inner-column elementor-element elementor-element-214e3d0 exad-glass-effect-no exad-sticky-section-no\" data-id=\"214e3d0\" data-element_type=\"column\" data-e-type=\"column\">\n\t\t\t<div class=\"elementor-widget-wrap elementor-element-populated\">\n\t\t\t\t\t\t<div class=\"elementor-element elementor-element-9e988e6 ekit-equal-height-disable exad-sticky-section-no exad-glass-effect-no elementor-widget elementor-widget-elementskit-image-box\" data-id=\"9e988e6\" data-element_type=\"widget\" data-e-type=\"widget\" data-widget_type=\"elementskit-image-box.default\">\n\t\t\t\t<div class=\"elementor-widget-container\">\n\t\t\t\t\t<div class=\"ekit-wid-con\" >\n            <div class=\"elementskit-info-image-box ekit-image-box text-center style-modern\" >\n\n                <a target=\"_blank\">\n                <div class=\"elementskit-box-header image-box-img-center\">\n\n                    <img decoding=\"async\" width=\"500\" height=\"500\" src=\"https:\/\/localementbox.com\/wp-content\/uploads\/2024\/03\/Vintage-Simple-Illustrated-Homemade-Cookies-Logo.png\" class=\"attachment-full size-full wp-image-2677\" alt=\"localement box la carte cadeau\" srcset=\"https:\/\/localementbox.com\/wp-content\/uploads\/2024\/03\/Vintage-Simple-Illustrated-Homemade-Cookies-Logo.png 500w, https:\/\/localementbox.com\/wp-content\/uploads\/2024\/03\/Vintage-Simple-Illustrated-Homemade-Cookies-Logo-300x300.png 300w, https:\/\/localementbox.com\/wp-content\/uploads\/2024\/03\/Vintage-Simple-Illustrated-Homemade-Cookies-Logo-100x100.png 100w\" sizes=\"(max-width: 500px) 100vw, 500px\" \/>\n                <\/div>\n                <\/a>\n                <div class=\"elementskit-box-body ekit-image-box-body\">\n                    <div class=\"elementskit-box-content ekit-image-box-body-inner\">\n                                                <h3 class=\"elementskit-info-box-title\">\n\n                        Des Mains <br>et des Pieds\n                        \n                    <\/h3>\n                                                            <div class=\"elementskit-box-style-content\">\n                         Reflexologie Vectorielle <br>Elisabeth Bican - Saint Paul                     <\/div>\n                                    <\/div>\n\n                                <div class=\"elementskit-box-footer\">\n                    <div class=\"box-footer\">\n                        <div class=\"btn-wraper\">\n                                                            <a  class=\"elementskit-btn whitespace--normal\">\n                                                                    <\/a>\n                                                    <\/div>\n                    <\/div>\n                <\/div>\n                            <\/div>\n            <\/div>\n    <\/div>\t\t\t\t<\/div>\n\t\t\t\t<\/div>\n\t\t\t\t\t<\/div>\n\t\t<\/div>\n\t\t\t\t<div class=\"elementor-column elementor-col-25 elementor-inner-column elementor-element elementor-element-9f8a1cb exad-glass-effect-no exad-sticky-section-no\" data-id=\"9f8a1cb\" data-element_type=\"column\" data-e-type=\"column\">\n\t\t\t<div class=\"elementor-widget-wrap elementor-element-populated\">\n\t\t\t\t\t\t<div class=\"exad-link-anything-wrapper elementor-element elementor-element-a781531 ekit-equal-height-disable exad-sticky-section-no exad-glass-effect-no elementor-widget elementor-widget-elementskit-image-box\" data-exad-element-link=\"{&quot;url&quot;:&quot;https:\\\/\\\/ressource-harmonie.fr\\\/&quot;,&quot;is_external&quot;:&quot;&quot;,&quot;nofollow&quot;:&quot;&quot;,&quot;custom_attributes&quot;:&quot;&quot;}\" style=\"cursor: pointer\" data-id=\"a781531\" data-element_type=\"widget\" data-e-type=\"widget\" data-widget_type=\"elementskit-image-box.default\">\n\t\t\t\t<div class=\"elementor-widget-container\">\n\t\t\t\t\t<div class=\"ekit-wid-con\" >\n            <div class=\"elementskit-info-image-box ekit-image-box text-center style-modern\" >\n\n                <a href=\"https:\/\/ressource-harmonie.fr\/\" target=\"_blank\">\n                <div class=\"elementskit-box-header image-box-img-center\">\n\n                    <img loading=\"lazy\" decoding=\"async\" width=\"500\" height=\"500\" src=\"https:\/\/localementbox.com\/wp-content\/uploads\/2024\/11\/logo-SENS.png\" class=\"attachment-full size-full wp-image-3319\" alt=\"\" srcset=\"https:\/\/localementbox.com\/wp-content\/uploads\/2024\/11\/logo-SENS.png 500w, https:\/\/localementbox.com\/wp-content\/uploads\/2024\/11\/logo-SENS-300x300.png 300w, https:\/\/localementbox.com\/wp-content\/uploads\/2024\/11\/logo-SENS-150x150.png 150w\" sizes=\"(max-width: 500px) 100vw, 500px\" \/>\n                <\/div>\n                <\/a>\n                <div class=\"elementskit-box-body ekit-image-box-body\">\n                    <div class=\"elementskit-box-content ekit-image-box-body-inner\">\n                                                <h3 class=\"elementskit-info-box-title\">\n\n                        Ressource &amp; <br>Harmonie\n                        \n                    <\/h3>\n                                                            <div class=\"elementskit-box-style-content\">\n                        Naturopathe - Fabienne Gangloff proche Limoges                    <\/div>\n                                    <\/div>\n\n                                <div class=\"elementskit-box-footer\">\n                    <div class=\"box-footer\">\n                        <div class=\"btn-wraper\">\n                                                            <a href=\"https:\/\/ressource-harmonie.fr\/\" target=\"_blank\" class=\"elementskit-btn whitespace--normal\">\n                                    https:\/\/ressource-harmonie.fr                                <\/a>\n                                                    <\/div>\n                    <\/div>\n                <\/div>\n                            <\/div>\n            <\/div>\n    <\/div>\t\t\t\t<\/div>\n\t\t\t\t<\/div>\n\t\t\t\t\t<\/div>\n\t\t<\/div>\n\t\t\t\t\t<\/div>\n\t\t<\/section>\n\t\t\t\t\t<\/div>\n\t\t<\/div>\n\t\t\t\t\t<\/div>\n\t\t<\/article>\n\t\t<div class=\"elementor-element elementor-element-8c6ff96 e-flex e-con-boxed e-con e-parent\" data-id=\"8c6ff96\" data-element_type=\"container\" data-e-type=\"container\">\n\t\t\t\t\t<div class=\"e-con-inner\">\n\t\t\t\t<div class=\"elementor-element elementor-element-5f8f259 elementor-align-center exad-sticky-section-no exad-glass-effect-no elementor-invisible elementor-widget elementor-widget-button\" data-id=\"5f8f259\" data-element_type=\"widget\" data-e-type=\"widget\" data-settings=\"{&quot;_animation&quot;:&quot;fadeInDown&quot;}\" data-widget_type=\"button.default\">\n\t\t\t\t<div class=\"elementor-widget-container\">\n\t\t\t\t\t\t\t\t\t<div class=\"elementor-button-wrapper\">\n\t\t\t\t\t<a class=\"elementor-button elementor-button-link elementor-size-xs elementor-animation-sink\" href=\"https:\/\/localementbox.com\/\">\n\t\t\t\t\t\t<span class=\"elementor-button-content-wrapper\">\n\t\t\t\t\t\t\t\t\t<span class=\"elementor-button-text\">Retour Accueil<\/span>\n\t\t\t\t\t<\/span>\n\t\t\t\t\t<\/a>\n\t\t\t\t<\/div>\n\t\t\t\t\t\t\t\t<\/div>\n\t\t\t\t<\/div>\n\t\t\t\t\t<\/div>\n\t\t\t\t<\/div>\n\t\t\t\t<\/div>\n\t\t<div style=\"margin: 20px 0;\"><div class=\"qrcswholewtapper\" style=\"text-align:left;\"><div class=\"qrcprowrapper\"  id=\"qrcwraa2leds\"><div class=\"qrc_canvass\" id=\"qrc_cuttenpages_2\" style=\"display:inline-block\" data-text=\"https:\/\/localementbox.com\/index.php\/medecines-alternatives-douceur-2\/\"><\/div><\/div><\/div><\/div>","protected":false},"excerpt":{"rendered":"<p>Nos Praticiens en M\u00e9decines Alternatives SEN&amp;S Sophr&rsquo;Eau Natur&rsquo; &amp; Sens Sophrologie dans la nature &amp; aqua-sophrologie &#8211; proche Limoges https:\/\/sophreaunaturetsens.com L&rsquo;Origine l&rsquo;Univers du Mieux-\u00eatre Sophrologue et Conseill\u00e8re en aromath\u00e9rapie &#8211; Saint Junien https:\/\/loriginedumieuxetre.com Des Mains et des Pieds Reflexologie Vectorielle Elisabeth Bican &#8211; Saint Paul Ressource &amp; Harmonie Naturopathe &#8211; Fabienne Gangloff proche Limoges https:\/\/ressource-harmonie.fr [&hellip;]<\/p>\n","protected":false},"author":1,"featured_media":0,"parent":0,"menu_order":0,"comment_status":"closed","ping_status":"closed","template":"","meta":{"om_disable_all_campaigns":false,"_monsterinsights_skip_tracking":false,"_monsterinsights_sitenote_active":false,"_monsterinsights_sitenote_note":"","_monsterinsights_sitenote_category":0,"footnotes":""},"class_list":["post-2678","page","type-page","status-publish","hentry"],"aioseo_notices":[],"jetpack_sharing_enabled":true,"_links":{"self":[{"href":"https:\/\/localementbox.com\/index.php\/wp-json\/wp\/v2\/pages\/2678","targetHints":{"allow":["GET"]}}],"collection":[{"href":"https:\/\/localementbox.com\/index.php\/wp-json\/wp\/v2\/pages"}],"about":[{"href":"https:\/\/localementbox.com\/index.php\/wp-json\/wp\/v2\/types\/page"}],"author":[{"embeddable":true,"href":"https:\/\/localementbox.com\/index.php\/wp-json\/wp\/v2\/users\/1"}],"replies":[{"embeddable":true,"href":"https:\/\/localementbox.com\/index.php\/wp-json\/wp\/v2\/comments?post=2678"}],"version-history":[{"count":28,"href":"https:\/\/localementbox.com\/index.php\/wp-json\/wp\/v2\/pages\/2678\/revisions"}],"predecessor-version":[{"id":3818,"href":"https:\/\/localementbox.com\/index.php\/wp-json\/wp\/v2\/pages\/2678\/revisions\/3818"}],"wp:attachment":[{"href":"https:\/\/localementbox.com\/index.php\/wp-json\/wp\/v2\/media?parent=2678"}],"curies":[{"name":"wp","href":"https:\/\/api.w.org\/{rel}","templated":true}]}}