{"id":1504,"date":"2024-02-09T11:43:47","date_gmt":"2024-02-09T10:43:47","guid":{"rendered":"https:\/\/localementbox.com\/?page_id=1504"},"modified":"2025-04-02T18:40:03","modified_gmt":"2025-04-02T16:40:03","slug":"devenez-partenaire","status":"publish","type":"page","link":"https:\/\/localementbox.com\/index.php\/devenez-partenaire\/","title":{"rendered":"Devenez Partenaire"},"content":{"rendered":"\t\t<div data-elementor-type=\"wp-page\" data-elementor-id=\"1504\" class=\"elementor elementor-1504\">\n\t\t\t\t<div class=\"elementor-element elementor-element-986a045 e-con-full e-flex e-con e-parent\" data-id=\"986a045\" data-element_type=\"container\" data-e-type=\"container\">\n\t\t\t\t<div class=\"elementor-element elementor-element-3cd5b466 exad-sticky-section-no exad-glass-effect-no elementor-widget elementor-widget-elementskit-heading\" data-id=\"3cd5b466\" data-element_type=\"widget\" data-e-type=\"widget\" data-widget_type=\"elementskit-heading.default\">\n\t\t\t\t<div class=\"elementor-widget-container\">\n\t\t\t\t\t<div class=\"ekit-wid-con\" ><div class=\"ekit-heading elementskit-section-title-wraper text_left   ekit_heading_tablet-   ekit_heading_mobile-\"><h2 class=\"ekit-heading--title elementskit-section-title \">Devenir <span><span>Partenaire<\/span><\/span><\/h2><\/div><\/div>\t\t\t\t<\/div>\n\t\t\t\t<\/div>\n\t\t\t\t<div class=\"elementor-element elementor-element-d322bc7 exad-sticky-section-no exad-glass-effect-no elementor-widget elementor-widget-text-editor\" data-id=\"d322bc7\" data-element_type=\"widget\" data-e-type=\"widget\" data-widget_type=\"text-editor.default\">\n\t\t\t\t<div class=\"elementor-widget-container\">\n\t\t\t\t\t\t\t\t\t<p>En tant que petite entreprise Locale, fond\u00e9e par une praticienne en m\u00e9decine alternative et g\u00e9rante d&rsquo;un h\u00e9bergement bien-\u00eatre, mon engagement est profond\u00e9ment enracin\u00e9 dans la promotion d&rsquo;un mod\u00e8le de consommation plus vertueux et plus authentique.<\/p>\n<p>Devenir partenaire de Localement Box, c&rsquo;est vous offrir un partenariat coh\u00e9rent, \u00e9thique et Humain pour vous apporter de nombreuses opportunit\u00e9s.<\/p>\n<p>En rejoignant <strong data-start=\"280\" data-end=\"298\">Localement Box<\/strong>, vous b\u00e9n\u00e9ficiez d\u2019une mise en avant exclusive qui valorise le savoir-faire local et l\u2019excellence. Ce partenariat repose sur une collaboration \u00e9troite, fond\u00e9e sur des valeurs communes : qualit\u00e9, \u00e9thique et proximit\u00e9.<\/p>\n<p class=\"\" data-start=\"566\" data-end=\"996\">Nous s\u00e9lectionnons avec soin <strong data-start=\"595\" data-end=\"646\">des partenaires qui excellent dans leur domaine<\/strong>, garantissant ainsi une qualit\u00e9 irr\u00e9prochable et une v\u00e9ritable valeur ajout\u00e9e. Pour assurer leur visibilit\u00e9, nous avons instaur\u00e9 <strong data-start=\"776\" data-end=\"812\">un principe d\u2019exclusivit\u00e9 locale<\/strong> : dans une petite ville, un seul acteur sera mis \u00e0 l\u2019honneur par secteur d\u2019activit\u00e9 ; dans une ville moyenne, deux ou trois partenaires pourront \u00eatre s\u00e9lectionn\u00e9s selon leur domaine alors que dans une ville de taille plus ou moins cons\u00e9quente, son nombre peut vari\u00e9 de mani\u00e8re juste et \u00e9quilibr\u00e9e.<\/p>\n<p class=\"\" data-start=\"998\" data-end=\"1267\"><strong data-start=\"998\" data-end=\"1054\">Un positionnement premium qui booste votre notori\u00e9t\u00e9<\/strong> et vous assure une client\u00e8le en qu\u00eate d\u2019authenticit\u00e9.&nbsp;<\/p>\n<p data-start=\"998\" data-end=\"1267\">\u00catre partenaire de <strong data-start=\"1135\" data-end=\"1153\">Localement Box<\/strong>, c\u2019est acc\u00e9der \u00e0 <strong data-start=\"1171\" data-end=\"1211\">une communication multicanaux<\/strong> qui vous met en lumi\u00e8re aupr\u00e8s d\u2019un public cibl\u00e9, d\u00e9sireux de d\u00e9couvrir des exp\u00e9riences uniques et qualitatives. C\u2019est aussi l\u2019opportunit\u00e9 de <strong data-start=\"1354\" data-end=\"1384\">dynamiser votre entreprise<\/strong>, d\u2019atteindre de nouveaux clients et de renforcer votre pr\u00e9sence sur le march\u00e9 local.<\/p>\n<p class=\"\" data-start=\"1269\" data-end=\"1372\">Rejoignez l\u2019aventure et faites d\u00e9couvrir votre savoir-faire \u00e0 une client\u00e8le qui partage vos valeurs !<\/p>\n<p>En tant qu&rsquo;alternative engag\u00e9e aux acteurs historiques des coffrets g\u00e9n\u00e9ralistes tel que Smartbox, Wonderbox, ch\u00e8que ANCV&#8230; nous souhaitons incarner des valeurs radicalement diff\u00e9rentes et r\u00e9pondre aux besoins de ceux qui recherchent des exp\u00e9riences authentiques et significatives.<\/p>\t\t\t\t\t\t\t\t<\/div>\n\t\t\t\t<\/div>\n\t\t\t\t<\/div>\n\t\t<div class=\"elementor-element elementor-element-c498437 e-con-full e-flex e-con e-parent\" data-id=\"c498437\" data-element_type=\"container\" data-e-type=\"container\">\n\t\t<div class=\"elementor-element elementor-element-030ddce e-con-full e-flex e-con e-child\" data-id=\"030ddce\" data-element_type=\"container\" data-e-type=\"container\">\n\t\t\t\t<div class=\"elementor-element elementor-element-7fe2f6eb exad-sticky-section-no exad-glass-effect-no elementor-invisible elementor-widget elementor-widget-heading\" data-id=\"7fe2f6eb\" data-element_type=\"widget\" data-e-type=\"widget\" data-settings=\"{&quot;_animation&quot;:&quot;fadeInUp&quot;}\" data-widget_type=\"heading.default\">\n\t\t\t\t<div class=\"elementor-widget-container\">\n\t\t\t\t\t<h3 class=\"elementor-heading-title elementor-size-default\">Se F\u00e9d\u00e9rer pour \u00eatre plus fort autour d'un concept Unique, Responsable et Innovant<\/h3>\t\t\t\t<\/div>\n\t\t\t\t<\/div>\n\t\t\t\t<\/div>\n\t\t<div class=\"elementor-element elementor-element-1d3d23b e-con-full e-flex e-con e-child\" data-id=\"1d3d23b\" data-element_type=\"container\" data-e-type=\"container\">\n\t\t<div class=\"elementor-element elementor-element-13378004 e-flex e-con-boxed e-con e-child\" data-id=\"13378004\" data-element_type=\"container\" data-e-type=\"container\" data-settings=\"{&quot;background_background&quot;:&quot;classic&quot;}\">\n\t\t\t\t\t<div class=\"e-con-inner\">\n\t\t\t\t<div class=\"elementor-element elementor-element-a2a02b3 exad-sticky-section-no exad-glass-effect-no elementor-widget elementor-widget-image\" data-id=\"a2a02b3\" data-element_type=\"widget\" data-e-type=\"widget\" data-widget_type=\"image.default\">\n\t\t\t\t<div class=\"elementor-widget-container\">\n\t\t\t\t\t\t\t\t\t\t\t\t\t\t\t<img fetchpriority=\"high\" decoding=\"async\" width=\"1080\" height=\"1080\" src=\"https:\/\/localementbox.com\/wp-content\/uploads\/2024\/11\/Ajouter-un-titre-5.png\" class=\"attachment-full size-full wp-image-3543\" alt=\"\" srcset=\"https:\/\/localementbox.com\/wp-content\/uploads\/2024\/11\/Ajouter-un-titre-5.png 1080w, https:\/\/localementbox.com\/wp-content\/uploads\/2024\/11\/Ajouter-un-titre-5-300x300.png 300w, https:\/\/localementbox.com\/wp-content\/uploads\/2024\/11\/Ajouter-un-titre-5-1024x1024.png 1024w, https:\/\/localementbox.com\/wp-content\/uploads\/2024\/11\/Ajouter-un-titre-5-150x150.png 150w, https:\/\/localementbox.com\/wp-content\/uploads\/2024\/11\/Ajouter-un-titre-5-768x768.png 768w\" sizes=\"(max-width: 1080px) 100vw, 1080px\" \/>\t\t\t\t\t\t\t\t\t\t\t\t\t\t\t<\/div>\n\t\t\t\t<\/div>\n\t\t\t\t\t<\/div>\n\t\t\t\t<\/div>\n\t\t\t\t<\/div>\n\t\t\t\t<\/div>\n\t\t<div class=\"elementor-element elementor-element-52d83a65 e-con-full e-flex e-con e-parent\" data-id=\"52d83a65\" data-element_type=\"container\" data-e-type=\"container\">\n\t\t<div class=\"elementor-element elementor-element-25bafb70 e-con-full e-flex e-con e-child\" data-id=\"25bafb70\" data-element_type=\"container\" data-e-type=\"container\">\n\t\t<div class=\"elementor-element elementor-element-6ef2dc96 e-con-full e-flex e-con e-child\" data-id=\"6ef2dc96\" data-element_type=\"container\" data-e-type=\"container\">\n\t\t<div class=\"elementor-element elementor-element-7ae88841 e-con-full e-flex e-con e-child\" data-id=\"7ae88841\" data-element_type=\"container\" data-e-type=\"container\">\n\t\t\t\t<div class=\"elementor-element elementor-element-355e73d exad-sticky-section-no exad-glass-effect-no elementor-widget elementor-widget-heading\" data-id=\"355e73d\" data-element_type=\"widget\" data-e-type=\"widget\" data-widget_type=\"heading.default\">\n\t\t\t\t<div class=\"elementor-widget-container\">\n\t\t\t\t\t<h3 class=\"elementor-heading-title elementor-size-default\">Booster votre activit\u00e9 \u00e0 travers un partenariat qui met en avant votre savoir-faire<\/h3>\t\t\t\t<\/div>\n\t\t\t\t<\/div>\n\t\t\t\t<\/div>\n\t\t<div class=\"elementor-element elementor-element-28ff5682 e-con-full e-flex e-con e-child\" data-id=\"28ff5682\" data-element_type=\"container\" data-e-type=\"container\">\n\t\t\t\t<div class=\"elementor-element elementor-element-cbdef68 exad-sticky-section-no exad-glass-effect-no elementor-widget elementor-widget-heading\" data-id=\"cbdef68\" data-element_type=\"widget\" data-e-type=\"widget\" data-widget_type=\"heading.default\">\n\t\t\t\t<div class=\"elementor-widget-container\">\n\t\t\t\t\t<h3 class=\"elementor-heading-title elementor-size-default\">Gagner en Visibilit\u00e9 gr\u00e2ce \u00e0 une communication adapt\u00e9e &amp; localis\u00e9e<\/h3>\t\t\t\t<\/div>\n\t\t\t\t<\/div>\n\t\t\t\t<\/div>\n\t\t<div class=\"elementor-element elementor-element-10fc6c17 e-con-full e-flex e-con e-child\" data-id=\"10fc6c17\" data-element_type=\"container\" data-e-type=\"container\">\n\t\t\t\t<div class=\"elementor-element elementor-element-d0ba4ef exad-sticky-section-no exad-glass-effect-no elementor-widget elementor-widget-heading\" data-id=\"d0ba4ef\" data-element_type=\"widget\" data-e-type=\"widget\" data-widget_type=\"heading.default\">\n\t\t\t\t<div class=\"elementor-widget-container\">\n\t\t\t\t\t<h3 class=\"elementor-heading-title elementor-size-default\">Conserver votre Ind\u00e9pendance en renfor\u00e7ant votre Image de Marque<\/h3>\t\t\t\t<\/div>\n\t\t\t\t<\/div>\n\t\t\t\t<\/div>\n\t\t\t\t<\/div>\n\t\t\t\t<\/div>\n\t\t\t\t<div class=\"elementor-element elementor-element-d980d21 exad-sticky-section-no exad-glass-effect-no elementor-widget elementor-widget-text-editor\" data-id=\"d980d21\" data-element_type=\"widget\" data-e-type=\"widget\" data-widget_type=\"text-editor.default\">\n\t\t\t\t<div class=\"elementor-widget-container\">\n\t\t\t\t\t\t\t\t\t<h4>Rejoignez nous pour faire partie de cette initiative passionnante et enrichissante !<\/h4>\n<p>Gr\u00e2ce \u00e0 un fonctionnement simple et sans surprise, Localement Box vise \u00e0 cr\u00e9er une exp\u00e9rience fluide et agr\u00e9able pour vous, tout en maximisant les avantages pour votre entreprise en contribuant \u00e0 une \u00e9conomie locale dynamique et prosp\u00e8re.<\/p>\n<p>Frais uniquement \u00e0 la souscription de 80\u20ac TTC + 10% de commission fixe <span class=\"OYPEnA font-feature-liga-off font-feature-clig-off font-feature-calt-off text-decoration-none text-strikethrough-none\">d\u00e9duite de la somme des ch\u00e8ques cadeaux restitu\u00e9s.<\/span><\/p>\t\t\t\t\t\t\t\t<\/div>\n\t\t\t\t<\/div>\n\t\t\t\t<div class=\"elementor-element elementor-element-4bffe13 elementor-align-center exad-sticky-section-no exad-glass-effect-no elementor-invisible elementor-widget elementor-widget-button\" data-id=\"4bffe13\" data-element_type=\"widget\" data-e-type=\"widget\" data-settings=\"{&quot;_animation&quot;:&quot;fadeInDown&quot;}\" data-widget_type=\"button.default\">\n\t\t\t\t<div class=\"elementor-widget-container\">\n\t\t\t\t\t\t\t\t\t<div class=\"elementor-button-wrapper\">\n\t\t\t\t\t<a class=\"elementor-button elementor-size-xs elementor-animation-sink\" role=\"button\">\n\t\t\t\t\t\t<span class=\"elementor-button-content-wrapper\">\n\t\t\t\t\t\t\t\t\t<span class=\"elementor-button-text\">Contact<\/span>\n\t\t\t\t\t<\/span>\n\t\t\t\t\t<\/a>\n\t\t\t\t<\/div>\n\t\t\t\t\t\t\t\t<\/div>\n\t\t\t\t<\/div>\n\t\t\t\t<div class=\"elementor-element elementor-element-e345363 exad-sticky-section-no exad-glass-effect-no elementor-widget elementor-widget-text-editor\" data-id=\"e345363\" data-element_type=\"widget\" data-e-type=\"widget\" data-widget_type=\"text-editor.default\">\n\t\t\t\t<div class=\"elementor-widget-container\">\n\t\t\t\t\t\t\t\t\t<article class=\"w-full text-token-text-primary\" dir=\"auto\" data-testid=\"conversation-turn-32\" data-scroll-anchor=\"true\"><div class=\"text-base my-auto mx-auto py-5 px-6\"><div class=\"mx-auto flex flex-1 text-base gap-4 md:gap-5 lg:gap-6 md:max-w-3xl lg:max-w-[40rem] xl:max-w-[48rem] group\/turn-messages focus-visible:outline-none\" tabindex=\"-1\"><div class=\"group\/conversation-turn relative flex w-full min-w-0 flex-col agent-turn @xs\/thread:px-0 @sm\/thread:px-1.5 @md\/thread:px-4\"><div class=\"relative flex-col gap-1 md:gap-3\"><div class=\"flex max-w-full flex-col flex-grow\"><div class=\"min-h-8 text-message relative flex w-full flex-col items-end gap-2 whitespace-normal break-words text-start [.text-message+&amp;]:mt-5\" dir=\"auto\" data-message-author-role=\"assistant\" data-message-id=\"69d48dcb-2ab8-48e3-a6b2-b17f221093ee\" data-message-model-slug=\"gpt-4o\"><div class=\"flex w-full flex-col gap-1 empty:hidden first:pt-[3px]\"><div class=\"markdown prose w-full break-words dark:prose-invert light\"><p class=\"\" data-start=\"0\" data-end=\"413\">Localement Box se r\u00e9serve le droit d\u2019accepter ou non un partenariat afin de garantir une offre en parfaite ad\u00e9quation avec ses valeurs et son exigence de qualit\u00e9. Des d\u00e9placements peuvent \u00eatre effectu\u00e9s partout en France m\u00e9tropolitaine afin d\u2019\u00e9valuer la pertinence et la qualit\u00e9 des prestations propos\u00e9es. Cette d\u00e9marche assure \u00e0 nos clients une s\u00e9lection rigoureuse d\u2019exp\u00e9riences authentiques et de haut niveau.<\/p><p class=\"\" data-start=\"415\" data-end=\"493\"><strong data-start=\"415\" data-end=\"493\" data-is-last-node=\"\">N\u2019h\u00e9sitez pas \u00e0 me contacter pour soumettre votre demande de partenariat !<\/strong><\/p><\/div><\/div><\/div><\/div><\/div><\/div><\/div><\/div><\/article>\t\t\t\t\t\t\t\t<\/div>\n\t\t\t\t<\/div>\n\t\t\t\t<\/div>\n\t\t<div class=\"elementor-element elementor-element-ef7ba0b e-con-full e-flex e-con e-parent\" data-id=\"ef7ba0b\" data-element_type=\"container\" data-e-type=\"container\">\n\t\t\t\t<div class=\"elementor-element elementor-element-070e341 exad-sticky-section-no exad-glass-effect-no elementor-widget elementor-widget-heading\" data-id=\"070e341\" data-element_type=\"widget\" data-e-type=\"widget\" data-widget_type=\"heading.default\">\n\t\t\t\t<div class=\"elementor-widget-container\">\n\t\t\t\t\t<h1 class=\"elementor-heading-title elementor-size-default\">La Box 100% Locale<\/h1>\t\t\t\t<\/div>\n\t\t\t\t<\/div>\n\t\t\t\t<\/div>\n\t\t\t\t<\/div>\n\t\t<div style=\"margin: 20px 0;\"><div class=\"qrcswholewtapper\" style=\"text-align:left;\"><div class=\"qrcprowrapper\"  id=\"qrcwraa2leds\"><div class=\"qrc_canvass\" id=\"qrc_cuttenpages_2\" style=\"display:inline-block\" data-text=\"https:\/\/localementbox.com\/index.php\/devenez-partenaire\/\"><\/div><\/div><\/div><\/div>","protected":false},"excerpt":{"rendered":"<p>Devenir Partenaire En tant que petite entreprise Locale, fond\u00e9e par une praticienne en m\u00e9decine alternative et g\u00e9rante d&rsquo;un h\u00e9bergement bien-\u00eatre, mon engagement est profond\u00e9ment enracin\u00e9 dans la promotion d&rsquo;un mod\u00e8le de consommation plus vertueux et plus authentique. Devenir partenaire de Localement Box, c&rsquo;est vous offrir un partenariat coh\u00e9rent, \u00e9thique et Humain pour vous apporter de [&hellip;]<\/p>\n","protected":false},"author":1,"featured_media":0,"parent":0,"menu_order":0,"comment_status":"closed","ping_status":"closed","template":"elementor_header_footer","meta":{"om_disable_all_campaigns":false,"_monsterinsights_skip_tracking":false,"_monsterinsights_sitenote_active":false,"_monsterinsights_sitenote_note":"","_monsterinsights_sitenote_category":0,"footnotes":""},"class_list":["post-1504","page","type-page","status-publish","hentry"],"aioseo_notices":[],"jetpack_sharing_enabled":true,"_links":{"self":[{"href":"https:\/\/localementbox.com\/index.php\/wp-json\/wp\/v2\/pages\/1504","targetHints":{"allow":["GET"]}}],"collection":[{"href":"https:\/\/localementbox.com\/index.php\/wp-json\/wp\/v2\/pages"}],"about":[{"href":"https:\/\/localementbox.com\/index.php\/wp-json\/wp\/v2\/types\/page"}],"author":[{"embeddable":true,"href":"https:\/\/localementbox.com\/index.php\/wp-json\/wp\/v2\/users\/1"}],"replies":[{"embeddable":true,"href":"https:\/\/localementbox.com\/index.php\/wp-json\/wp\/v2\/comments?post=1504"}],"version-history":[{"count":45,"href":"https:\/\/localementbox.com\/index.php\/wp-json\/wp\/v2\/pages\/1504\/revisions"}],"predecessor-version":[{"id":3716,"href":"https:\/\/localementbox.com\/index.php\/wp-json\/wp\/v2\/pages\/1504\/revisions\/3716"}],"wp:attachment":[{"href":"https:\/\/localementbox.com\/index.php\/wp-json\/wp\/v2\/media?parent=1504"}],"curies":[{"name":"wp","href":"https:\/\/api.w.org\/{rel}","templated":true}]}}