{"id":1498,"date":"2024-02-09T11:35:45","date_gmt":"2024-02-09T10:35:45","guid":{"rendered":"https:\/\/localementbox.com\/?page_id=1498"},"modified":"2024-12-10T11:19:47","modified_gmt":"2024-12-10T10:19:47","slug":"mentions-legales","status":"publish","type":"page","link":"https:\/\/localementbox.com\/index.php\/mentions-legales\/","title":{"rendered":"Mentions L\u00e9gales"},"content":{"rendered":"\t\t<div data-elementor-type=\"wp-page\" data-elementor-id=\"1498\" class=\"elementor elementor-1498\">\n\t\t\t\t<div class=\"elementor-element elementor-element-32610c3d e-con-full e-flex e-con e-parent\" data-id=\"32610c3d\" data-element_type=\"container\" data-e-type=\"container\">\n\t\t\t\t<div class=\"elementor-element elementor-element-44093af9 exad-sticky-section-no exad-glass-effect-no elementor-widget elementor-widget-heading\" data-id=\"44093af9\" data-element_type=\"widget\" data-e-type=\"widget\" data-widget_type=\"heading.default\">\n\t\t\t\t<div class=\"elementor-widget-container\">\n\t\t\t\t\t<h1 class=\"elementor-heading-title elementor-size-default\">Mentions L\u00e9gales<\/h1>\t\t\t\t<\/div>\n\t\t\t\t<\/div>\n\t\t\t\t<div class=\"elementor-element elementor-element-5764127e exad-sticky-section-no exad-glass-effect-no elementor-widget elementor-widget-heading\" data-id=\"5764127e\" data-element_type=\"widget\" data-e-type=\"widget\" data-widget_type=\"heading.default\">\n\t\t\t\t<div class=\"elementor-widget-container\">\n\t\t\t\t\t<h2 class=\"elementor-heading-title elementor-size-default\">Pr\u00e9sentation du site<\/h2>\t\t\t\t<\/div>\n\t\t\t\t<\/div>\n\t\t\t\t<div class=\"elementor-element elementor-element-78a7fdac exad-sticky-section-no exad-glass-effect-no elementor-widget elementor-widget-text-editor\" data-id=\"78a7fdac\" data-element_type=\"widget\" data-e-type=\"widget\" data-widget_type=\"text-editor.default\">\n\t\t\t\t<div class=\"elementor-widget-container\">\n\t\t\t\t\t\t\t\t\t<p><\/p>\n<p><span style=\"font-family: Inter, sans-serif; font-size: 16px;\">En vertu de l&rsquo;article 6 de la loi n\u00b0 2004-575 du 21 juin 2004 pour la confiance dans l&rsquo;\u00e9conomie num\u00e9rique, il est pr\u00e9cis\u00e9 aux utilisateurs du site internet Localement Box marque repr\u00e9sent\u00e9e par\u00a0<\/span><a style=\"font-family: Inter, sans-serif; font-size: 16px;\" href=\"https:\/\/les3clefsdegaya.com\/\">les 3 Clefs de GaYa <\/a><span style=\"font-family: Inter, sans-serif; font-size: 16px;\">l&rsquo;identit\u00e9 des diff\u00e9rents intervenants dans le cadre de sa r\u00e9alisation et de son suivi :\u00a0<\/span><\/p>\n<div id=\"html-content-fld_1183409_1\" class=\"\" data-field=\"fld_1183409_1\">\n<p><strong style=\"color: var( --e-global-color-primary );\">Propri\u00e9taire du site :<\/strong><\/p>\n<p><strong style=\"color: var( --e-global-color-primary );\"><span style=\"color: #cfa668;\">EURL Les 3 Clefs de GaYa\u00a0<\/span><\/strong><\/p>\n<p><span style=\"color: var( --e-global-color-primary );\">Au capital social de 5000\u20ac\u00a0<\/span><\/p>\n<p><span style=\"color: #000000;\"><strong>SIRET :<\/strong><\/span> 90088701900017 &#8211; R.C.S Limoges\u00a0<\/p>\n<p><strong style=\"color: var( --e-global-color-primary );\">Adresse du si\u00e8ge social :<\/strong><span style=\"color: var( --e-global-color-primary );\"> 19 bis rue du Grand Bois 87220 FEYTIAT.<\/span><\/p>\n<p><strong style=\"color: var( --e-global-color-primary );\">Contact :<\/strong><span style=\"color: var( --e-global-color-primary );\"> contact@localementbox.com &#8211; Tel : 0687942150<\/span><\/p>\n<p><strong style=\"color: var( --e-global-color-primary );\">Responsable <\/strong><strong style=\"color: var( --e-global-color-primary );\">de la publication : <\/strong><span style=\"color: var( --e-global-color-primary );\">\u00a0GAY Vanessa &#8211; contact@localementbox.com <\/span><\/p>\n<p><strong style=\"color: var( --e-global-color-primary );\">Webmaster\u00a0 :<\/strong><span style=\"color: var( --e-global-color-primary );\"> GAY Vanessa &#8211; les3clefsdegaya@yahoo.com<\/span><\/p>\n<p><strong style=\"color: var( --e-global-color-primary );\">D\u00e9l\u00e9gu\u00e9 \u00e0 la protection des donn\u00e9es : <\/strong><span style=\"color: var( --e-global-color-primary );\">GAY Vanessa &#8211; contact@localementbox.com<\/span><\/p>\n<\/div>\n<div id=\"html-content-fld_1183409_1\" class=\"\" data-field=\"fld_1183409_1\">\n<p><span style=\"color: var( --e-global-color-primary );\"><strong>Photo :<\/strong> Partenaires + Vanessa GAY<\/span><\/p>\n<p><span style=\"color: var( --e-global-color-primary );\"><strong>Images :<\/strong> Pixabay et Canva<\/span><\/p>\n<p><strong style=\"color: var( --e-global-color-primary );\">H\u00e9bergeur :<\/strong><span style=\"color: var( --e-global-color-primary );\"> hostinger HOSTINGER INTERNATIONAL LTD, 61 Lordou Vironos Street, 6023 Larnaca, Chypre<\/span><\/p>\n<div id=\"site-content\" class=\"site-container content-container content-has-sidebar vogue-woocommerce-cols-4 vogue-remove-product-borders\">\n<div id=\"primary\" class=\"content-area content-area-full\">\n<p>\u00a0<\/p>\n<main id=\"main\" class=\"site-main\" role=\"main\">\n<p>\u00a0<\/p>\n<article id=\"post-471\" class=\"post-471 page type-page status-publish hentry\">\n<div class=\"entry-content\">\n<div class=\"vc_row wpb_row vc_row-fluid\">\n<div class=\"wpb_column vc_column_container vc_col-sm-12\">\n<div class=\"vc_column-inner\">\n<div class=\"wpb_wrapper\">\n<div class=\"wpb_text_column wpb_content_element \">\n<div class=\"wpb_wrapper\">\n<p><strong style=\"color: var( --e-global-color-primary );\">Propri\u00e9t\u00e9 Intellectuelle :<\/strong> \u00a9 2024 \u2013 Tous droits de reproduction et de repr\u00e9sentation r\u00e9serv\u00e9s.<\/p>\n<p><strong>Il est interdit de publier, reproduire, ou rediffuser de quelque mani\u00e8re que ce soit tout ou partie du contenu du site www.localementbox.com, sans l\u2019autorisation expresse de la soci\u00e9t\u00e9.<\/strong><\/p>\n<\/div>\n<\/div>\n<\/div>\n<\/div>\n<\/div>\n<\/div>\n<\/div>\n<\/article>\n<p>\u00a0<\/p>\n<\/main><\/div>\n<div class=\"clearboth\">\u00a0<\/div>\n<\/div>\n<div id=\"newsletter_form\" class=\"container-fluid\">\n<div class=\"container\">\n<div class=\"row\">\n<div class=\"col-12\"><form id=\"mc4wp-form-1\" class=\"mc4wp-form mc4wp-form-14008\" method=\"post\" data-id=\"14008\" data-name=\"Website\">\n<div class=\"mc4wp-form-fields\">\n<div id=\"mailchimp_form\">\u00a0<\/div>\n<\/div>\n<\/form><\/div>\n<\/div>\n<\/div>\n<\/div>\n<\/div>\n<p><\/p>\t\t\t\t\t\t\t\t<\/div>\n\t\t\t\t<\/div>\n\t\t\t\t<\/div>\n\t\t\t\t<\/div>\n\t\t<div style=\"margin: 20px 0;\"><div class=\"qrcswholewtapper\" style=\"text-align:left;\"><div class=\"qrcprowrapper\"  id=\"qrcwraa2leds\"><div class=\"qrc_canvass\" id=\"qrc_cuttenpages_2\" style=\"display:inline-block\" data-text=\"https:\/\/localementbox.com\/index.php\/mentions-legales\/\"><\/div><\/div><\/div><\/div>","protected":false},"excerpt":{"rendered":"<p>Mentions L\u00e9gales Pr\u00e9sentation du site En vertu de l&rsquo;article 6 de la loi n\u00b0 2004-575 du 21 juin 2004 pour la confiance dans l&rsquo;\u00e9conomie num\u00e9rique, il est pr\u00e9cis\u00e9 aux utilisateurs du site internet Localement Box marque repr\u00e9sent\u00e9e par\u00a0les 3 Clefs de GaYa l&rsquo;identit\u00e9 des diff\u00e9rents intervenants dans le cadre de sa r\u00e9alisation et de son [&hellip;]<\/p>\n","protected":false},"author":1,"featured_media":0,"parent":0,"menu_order":0,"comment_status":"closed","ping_status":"closed","template":"elementor_header_footer","meta":{"om_disable_all_campaigns":false,"_monsterinsights_skip_tracking":false,"_monsterinsights_sitenote_active":false,"_monsterinsights_sitenote_note":"","_monsterinsights_sitenote_category":0,"footnotes":""},"class_list":["post-1498","page","type-page","status-publish","hentry"],"aioseo_notices":[],"jetpack_sharing_enabled":true,"_links":{"self":[{"href":"https:\/\/localementbox.com\/index.php\/wp-json\/wp\/v2\/pages\/1498","targetHints":{"allow":["GET"]}}],"collection":[{"href":"https:\/\/localementbox.com\/index.php\/wp-json\/wp\/v2\/pages"}],"about":[{"href":"https:\/\/localementbox.com\/index.php\/wp-json\/wp\/v2\/types\/page"}],"author":[{"embeddable":true,"href":"https:\/\/localementbox.com\/index.php\/wp-json\/wp\/v2\/users\/1"}],"replies":[{"embeddable":true,"href":"https:\/\/localementbox.com\/index.php\/wp-json\/wp\/v2\/comments?post=1498"}],"version-history":[{"count":3,"href":"https:\/\/localementbox.com\/index.php\/wp-json\/wp\/v2\/pages\/1498\/revisions"}],"predecessor-version":[{"id":3637,"href":"https:\/\/localementbox.com\/index.php\/wp-json\/wp\/v2\/pages\/1498\/revisions\/3637"}],"wp:attachment":[{"href":"https:\/\/localementbox.com\/index.php\/wp-json\/wp\/v2\/media?parent=1498"}],"curies":[{"name":"wp","href":"https:\/\/api.w.org\/{rel}","templated":true}]}}